{"id":1314,"date":"2021-03-17T17:07:22","date_gmt":"2021-03-17T20:07:22","guid":{"rendered":"https:\/\/solardorosario.com.br\/galerianova\/cursos\/daniele-henning-13\/"},"modified":"2026-03-19T16:30:01","modified_gmt":"2026-03-19T19:30:01","slug":"daniele-henning-macarronada-ao-vinho","status":"publish","type":"product","link":"https:\/\/solardorosario.com.br\/galeria\/produto\/daniele-henning-macarronada-ao-vinho\/","title":{"rendered":"Daniele Henning - Macarronada ao Vinho"},"content":{"rendered":"<p><strong>Artista:<\/strong> Daniele Henning<\/p>\n<p><strong>T\u00edtulo:<\/strong> Macarronada ao Vinho<\/p>\n<p><strong>Dimens\u00e3o:<\/strong> 90x70cm<\/p>\n<p><strong>T\u00e9cnica:<\/strong> Acr\u00edlica sobre tela (sem moldura)<\/p>\n<p>&nbsp;<\/p>\n<p>&nbsp;<\/p>\n<p>Nascida em Rio Negro (PR), em 1967, \u00e9 artista visual formada pela Universidade Federal do Paran\u00e1 em 1988. Desde ent\u00e3o vem se aperfei\u00e7oando em arte educa\u00e7\u00e3o, desenho, pintura e escultura. Realizou sua primeira exposi\u00e7\u00e3o coletiva em 1985, \u00e0 qual se seguir\u00e3o v\u00e1rias outras, em Curitiba, S\u00e3o Paulo e Porto Alegre. Entre as exposi\u00e7\u00f5es individuais, destacam-se as realizadas em Curitiba. Suas obras fazem parte de acervos em galerias no Brasil e em acervos particulares no Brasil, Argentina, Fran\u00e7a, It\u00e1lia, Estados Unidos e Canad\u00e1. Como arte-educadora, ministra cursos e oficinas para institui\u00e7\u00f5es de ensino e particulares. Principais exposi\u00e7\u00f5es coletivas em Curitiba, Porto Alegre, S\u00e3o Paulo, Espanha, Peru, Florian\u00f3polis, M\u00e9xico, China.<\/p>\n","protected":false},"excerpt":{"rendered":"<p>Artista: Daniele Henning T\u00edtulo: Macarronada ao Vinho Dimens\u00e3o: 90x70cm T\u00e9cnica: Acr\u00edlica sobre tela (sem moldura) &nbsp; &nbsp; Nascida em Rio Negro (PR), em 1967, \u00e9 artista visual formada pela Universidade Federal do Paran\u00e1 em 1988. Desde ent\u00e3o vem se aperfei\u00e7oando em arte educa\u00e7\u00e3o, desenho, pintura e escultura. Realizou sua primeira exposi\u00e7\u00e3o coletiva em 1985, \u00e0 [&hellip;]<\/p>\n","protected":false},"featured_media":4956,"template":"","meta":[],"product_brand":[],"product_cat":[117],"product_tag":[],"class_list":{"0":"post-1314","1":"product","2":"type-product","3":"status-publish","4":"has-post-thumbnail","6":"product_cat-galeria","7":"pa_artista-daniele-henning","8":"pa_estilo-figurativo","9":"pa_tecnica-acrilica-sobre-tela","11":"first","12":"instock","13":"shipping-taxable","14":"purchasable","15":"product-type-simple"},"yoast_head":"<!-- This site is optimized with the Yoast SEO plugin v27.4 - https:\/\/yoast.com\/product\/yoast-seo-wordpress\/ -->\n<title>Daniele Henning - Macarronada ao Vinho - Solar do Ros\u00e1rio Galeria \\\\\\\\Nova<\/title>\n<meta name=\"robots\" content=\"index, follow, max-snippet:-1, max-image-preview:large, max-video-preview:-1\" \/>\n<link rel=\"canonical\" href=\"https:\/\/solardorosario.com.br\/galeria\/produto\/daniele-henning-macarronada-ao-vinho\/\" \/>\n<meta property=\"og:locale\" content=\"pt_BR\" \/>\n<meta property=\"og:type\" content=\"article\" \/>\n<meta property=\"og:title\" content=\"Daniele Henning - Macarronada ao Vinho - Solar do Ros\u00e1rio Galeria \\\\\\\\Nova\" \/>\n<meta property=\"og:description\" content=\"Artista: Daniele Henning T\u00edtulo: Macarronada ao Vinho Dimens\u00e3o: 90x70cm T\u00e9cnica: Acr\u00edlica sobre tela (sem moldura) &nbsp; &nbsp; Nascida em Rio Negro (PR), em 1967, \u00e9 artista visual formada pela Universidade Federal do Paran\u00e1 em 1988. Desde ent\u00e3o vem se aperfei\u00e7oando em arte educa\u00e7\u00e3o, desenho, pintura e escultura. Realizou sua primeira exposi\u00e7\u00e3o coletiva em 1985, \u00e0 [&hellip;]\" \/>\n<meta property=\"og:url\" content=\"https:\/\/solardorosario.com.br\/galeria\/produto\/daniele-henning-macarronada-ao-vinho\/\" \/>\n<meta property=\"og:site_name\" content=\"Solar do Ros\u00e1rio Galeria \\\\\\\\Nova\" \/>\n<meta property=\"article:modified_time\" content=\"2026-03-19T19:30:01+00:00\" \/>\n<meta property=\"og:image\" content=\"https:\/\/solardorosario.com.br\/galeria\/wp-content\/uploads\/2021\/03\/Imagem-do-WhatsApp-de-2024-06-21-as-15.55.53_3fd50966.jpg\" \/>\n\t<meta property=\"og:image:width\" content=\"1280\" \/>\n\t<meta property=\"og:image:height\" content=\"1200\" \/>\n\t<meta property=\"og:image:type\" content=\"image\/jpeg\" \/>\n<meta name=\"twitter:card\" content=\"summary_large_image\" \/>\n<meta name=\"twitter:label1\" content=\"Est. tempo de leitura\" \/>\n\t<meta name=\"twitter:data1\" content=\"1 minuto\" \/>\n<script type=\"application\/ld+json\" class=\"yoast-schema-graph\">{\"@context\":\"https:\\\/\\\/schema.org\",\"@graph\":[{\"@type\":\"WebPage\",\"@id\":\"https:\\\/\\\/solardorosario.com.br\\\/galeria\\\/produto\\\/daniele-henning-macarronada-ao-vinho\\\/\",\"url\":\"https:\\\/\\\/solardorosario.com.br\\\/galeria\\\/produto\\\/daniele-henning-macarronada-ao-vinho\\\/\",\"name\":\"Daniele Henning - Macarronada ao Vinho - Solar do Ros\u00e1rio Galeria \\\\\\\\\\\\\\\\Nova\",\"isPartOf\":{\"@id\":\"https:\\\/\\\/solardorosario.com.br\\\/galeria\\\/#website\"},\"primaryImageOfPage\":{\"@id\":\"https:\\\/\\\/solardorosario.com.br\\\/galeria\\\/produto\\\/daniele-henning-macarronada-ao-vinho\\\/#primaryimage\"},\"image\":{\"@id\":\"https:\\\/\\\/solardorosario.com.br\\\/galeria\\\/produto\\\/daniele-henning-macarronada-ao-vinho\\\/#primaryimage\"},\"thumbnailUrl\":\"https:\\\/\\\/solardorosario.com.br\\\/galeria\\\/wp-content\\\/uploads\\\/2021\\\/03\\\/Imagem-do-WhatsApp-de-2024-06-21-as-15.55.53_3fd50966.jpg\",\"datePublished\":\"2021-03-17T20:07:22+00:00\",\"dateModified\":\"2026-03-19T19:30:01+00:00\",\"breadcrumb\":{\"@id\":\"https:\\\/\\\/solardorosario.com.br\\\/galeria\\\/produto\\\/daniele-henning-macarronada-ao-vinho\\\/#breadcrumb\"},\"inLanguage\":\"pt-BR\",\"potentialAction\":[{\"@type\":\"ReadAction\",\"target\":[\"https:\\\/\\\/solardorosario.com.br\\\/galeria\\\/produto\\\/daniele-henning-macarronada-ao-vinho\\\/\"]}]},{\"@type\":\"ImageObject\",\"inLanguage\":\"pt-BR\",\"@id\":\"https:\\\/\\\/solardorosario.com.br\\\/galeria\\\/produto\\\/daniele-henning-macarronada-ao-vinho\\\/#primaryimage\",\"url\":\"https:\\\/\\\/solardorosario.com.br\\\/galeria\\\/wp-content\\\/uploads\\\/2021\\\/03\\\/Imagem-do-WhatsApp-de-2024-06-21-as-15.55.53_3fd50966.jpg\",\"contentUrl\":\"https:\\\/\\\/solardorosario.com.br\\\/galeria\\\/wp-content\\\/uploads\\\/2021\\\/03\\\/Imagem-do-WhatsApp-de-2024-06-21-as-15.55.53_3fd50966.jpg\",\"width\":1280,\"height\":1200},{\"@type\":\"BreadcrumbList\",\"@id\":\"https:\\\/\\\/solardorosario.com.br\\\/galeria\\\/produto\\\/daniele-henning-macarronada-ao-vinho\\\/#breadcrumb\",\"itemListElement\":[{\"@type\":\"ListItem\",\"position\":1,\"name\":\"In\u00edcio\",\"item\":\"https:\\\/\\\/solardorosario.com.br\\\/galeria\\\/\"},{\"@type\":\"ListItem\",\"position\":2,\"name\":\"galeria\",\"item\":\"https:\\\/\\\/solardorosario.com.br\\\/galeria\\\/galeria\\\/\"},{\"@type\":\"ListItem\",\"position\":3,\"name\":\"Daniele Henning - Macarronada ao Vinho\"}]},{\"@type\":\"WebSite\",\"@id\":\"https:\\\/\\\/solardorosario.com.br\\\/galeria\\\/#website\",\"url\":\"https:\\\/\\\/solardorosario.com.br\\\/galeria\\\/\",\"name\":\"Solar do Ros\u00e1rio Galeria \\\\\\\\\\\\\\\\Nova\",\"description\":\"\",\"potentialAction\":[{\"@type\":\"SearchAction\",\"target\":{\"@type\":\"EntryPoint\",\"urlTemplate\":\"https:\\\/\\\/solardorosario.com.br\\\/galeria\\\/?s={search_term_string}\"},\"query-input\":{\"@type\":\"PropertyValueSpecification\",\"valueRequired\":true,\"valueName\":\"search_term_string\"}}],\"inLanguage\":\"pt-BR\"}]}<\/script>\n<!-- \/ Yoast SEO plugin. -->","yoast_head_json":{"title":"Daniele Henning - Macarronada ao Vinho - Solar do Ros\u00e1rio Galeria \\\\\\\\Nova","robots":{"index":"index","follow":"follow","max-snippet":"max-snippet:-1","max-image-preview":"max-image-preview:large","max-video-preview":"max-video-preview:-1"},"canonical":"https:\/\/solardorosario.com.br\/galeria\/produto\/daniele-henning-macarronada-ao-vinho\/","og_locale":"pt_BR","og_type":"article","og_title":"Daniele Henning - Macarronada ao Vinho - Solar do Ros\u00e1rio Galeria \\\\\\\\Nova","og_description":"Artista: Daniele Henning T\u00edtulo: Macarronada ao Vinho Dimens\u00e3o: 90x70cm T\u00e9cnica: Acr\u00edlica sobre tela (sem moldura) &nbsp; &nbsp; Nascida em Rio Negro (PR), em 1967, \u00e9 artista visual formada pela Universidade Federal do Paran\u00e1 em 1988. Desde ent\u00e3o vem se aperfei\u00e7oando em arte educa\u00e7\u00e3o, desenho, pintura e escultura. Realizou sua primeira exposi\u00e7\u00e3o coletiva em 1985, \u00e0 [&hellip;]","og_url":"https:\/\/solardorosario.com.br\/galeria\/produto\/daniele-henning-macarronada-ao-vinho\/","og_site_name":"Solar do Ros\u00e1rio Galeria \\\\\\\\Nova","article_modified_time":"2026-03-19T19:30:01+00:00","og_image":[{"width":1280,"height":1200,"url":"https:\/\/solardorosario.com.br\/galeria\/wp-content\/uploads\/2021\/03\/Imagem-do-WhatsApp-de-2024-06-21-as-15.55.53_3fd50966.jpg","type":"image\/jpeg"}],"twitter_card":"summary_large_image","twitter_misc":{"Est. tempo de leitura":"1 minuto"},"schema":{"@context":"https:\/\/schema.org","@graph":[{"@type":"WebPage","@id":"https:\/\/solardorosario.com.br\/galeria\/produto\/daniele-henning-macarronada-ao-vinho\/","url":"https:\/\/solardorosario.com.br\/galeria\/produto\/daniele-henning-macarronada-ao-vinho\/","name":"Daniele Henning - Macarronada ao Vinho - Solar do Ros\u00e1rio Galeria \\\\\\\\Nova","isPartOf":{"@id":"https:\/\/solardorosario.com.br\/galeria\/#website"},"primaryImageOfPage":{"@id":"https:\/\/solardorosario.com.br\/galeria\/produto\/daniele-henning-macarronada-ao-vinho\/#primaryimage"},"image":{"@id":"https:\/\/solardorosario.com.br\/galeria\/produto\/daniele-henning-macarronada-ao-vinho\/#primaryimage"},"thumbnailUrl":"https:\/\/solardorosario.com.br\/galeria\/wp-content\/uploads\/2021\/03\/Imagem-do-WhatsApp-de-2024-06-21-as-15.55.53_3fd50966.jpg","datePublished":"2021-03-17T20:07:22+00:00","dateModified":"2026-03-19T19:30:01+00:00","breadcrumb":{"@id":"https:\/\/solardorosario.com.br\/galeria\/produto\/daniele-henning-macarronada-ao-vinho\/#breadcrumb"},"inLanguage":"pt-BR","potentialAction":[{"@type":"ReadAction","target":["https:\/\/solardorosario.com.br\/galeria\/produto\/daniele-henning-macarronada-ao-vinho\/"]}]},{"@type":"ImageObject","inLanguage":"pt-BR","@id":"https:\/\/solardorosario.com.br\/galeria\/produto\/daniele-henning-macarronada-ao-vinho\/#primaryimage","url":"https:\/\/solardorosario.com.br\/galeria\/wp-content\/uploads\/2021\/03\/Imagem-do-WhatsApp-de-2024-06-21-as-15.55.53_3fd50966.jpg","contentUrl":"https:\/\/solardorosario.com.br\/galeria\/wp-content\/uploads\/2021\/03\/Imagem-do-WhatsApp-de-2024-06-21-as-15.55.53_3fd50966.jpg","width":1280,"height":1200},{"@type":"BreadcrumbList","@id":"https:\/\/solardorosario.com.br\/galeria\/produto\/daniele-henning-macarronada-ao-vinho\/#breadcrumb","itemListElement":[{"@type":"ListItem","position":1,"name":"In\u00edcio","item":"https:\/\/solardorosario.com.br\/galeria\/"},{"@type":"ListItem","position":2,"name":"galeria","item":"https:\/\/solardorosario.com.br\/galeria\/galeria\/"},{"@type":"ListItem","position":3,"name":"Daniele Henning - Macarronada ao Vinho"}]},{"@type":"WebSite","@id":"https:\/\/solardorosario.com.br\/galeria\/#website","url":"https:\/\/solardorosario.com.br\/galeria\/","name":"Solar do Ros\u00e1rio Galeria \\\\\\\\Nova","description":"","potentialAction":[{"@type":"SearchAction","target":{"@type":"EntryPoint","urlTemplate":"https:\/\/solardorosario.com.br\/galeria\/?s={search_term_string}"},"query-input":{"@type":"PropertyValueSpecification","valueRequired":true,"valueName":"search_term_string"}}],"inLanguage":"pt-BR"}]}},"_links":{"self":[{"href":"https:\/\/solardorosario.com.br\/galeria\/wp-json\/wp\/v2\/product\/1314","targetHints":{"allow":["GET"]}}],"collection":[{"href":"https:\/\/solardorosario.com.br\/galeria\/wp-json\/wp\/v2\/product"}],"about":[{"href":"https:\/\/solardorosario.com.br\/galeria\/wp-json\/wp\/v2\/types\/product"}],"wp:featuredmedia":[{"embeddable":true,"href":"https:\/\/solardorosario.com.br\/galeria\/wp-json\/wp\/v2\/media\/4956"}],"wp:attachment":[{"href":"https:\/\/solardorosario.com.br\/galeria\/wp-json\/wp\/v2\/media?parent=1314"}],"wp:term":[{"taxonomy":"product_brand","embeddable":true,"href":"https:\/\/solardorosario.com.br\/galeria\/wp-json\/wp\/v2\/product_brand?post=1314"},{"taxonomy":"product_cat","embeddable":true,"href":"https:\/\/solardorosario.com.br\/galeria\/wp-json\/wp\/v2\/product_cat?post=1314"},{"taxonomy":"product_tag","embeddable":true,"href":"https:\/\/solardorosario.com.br\/galeria\/wp-json\/wp\/v2\/product_tag?post=1314"}],"curies":[{"name":"wp","href":"https:\/\/api.w.org\/{rel}","templated":true}]}}