{"id":1292,"date":"2021-03-17T17:07:01","date_gmt":"2021-03-17T20:07:01","guid":{"rendered":"https:\/\/solardorosario.com.br\/galerianova\/cursos\/daniele-henning-2\/"},"modified":"2026-03-19T16:47:58","modified_gmt":"2026-03-19T19:47:58","slug":"daniele-henning-saude","status":"publish","type":"product","link":"https:\/\/solardorosario.com.br\/galeria\/produto\/daniele-henning-saude\/","title":{"rendered":"Daniele Henning - Sa\u00fade"},"content":{"rendered":"<p><strong>Artista:<\/strong> Daniele Henning<\/p>\n<p><strong>T\u00edtulo:<\/strong> Sa\u00fade<\/p>\n<p><strong>Dimens\u00e3o:<\/strong> 70x70cm<\/p>\n<p><strong>T\u00e9cnica:<\/strong> Acr\u00edlica sobre tela<\/p>\n<p>&nbsp;<\/p>\n<p>&nbsp;<\/p>\n<div id=\"-product-builder-12-873\" class=\"oxy-product-builder oxy-woo-element\">\n<div id=\"product-1322\" class=\"product type-product post-1322 status-publish first instock product_cat-galeria has-post-thumbnail shipping-taxable purchasable product-type-simple\">\n<div class=\"oxy-product-wrapper-inner oxy-inner-content\">\n<div id=\"-product-tabs-63-873\" class=\"oxy-product-tabs oxy-woo-element\">\n<div class=\"woocommerce-tabs wc-tabs-wrapper\">\n<div id=\"tab-description\" class=\"woocommerce-Tabs-panel woocommerce-Tabs-panel--description panel entry-content wc-tab\" role=\"tabpanel\" aria-labelledby=\"tab-title-description\">\n<p>Nascida em Rio Negro (PR), em 1967, \u00e9 artista visual formada pela Universidade Federal do Paran\u00e1 em 1988. Desde ent\u00e3o vem se aperfei\u00e7oando em arte educa\u00e7\u00e3o, desenho, pintura e escultura. Realizou sua primeira exposi\u00e7\u00e3o coletiva em 1985, \u00e0 qual se seguir\u00e3o v\u00e1rias outras, em Curitiba, S\u00e3o Paulo e Porto Alegre. Entre as exposi\u00e7\u00f5es individuais, destacam-se as realizadas em Curitiba. Suas obras fazem parte de acervos em galerias no Brasil e em acervos particulares no Brasil, Argentina, Fran\u00e7a, It\u00e1lia, Estados Unidos e Canad\u00e1. Como arte-educadora, ministra cursos e oficinas para institui\u00e7\u00f5es de ensino e particulares. Principais exposi\u00e7\u00f5es coletivas em Curitiba, Porto Alegre, S\u00e3o Paulo, Espanha, Peru, Florian\u00f3polis, M\u00e9xico, China.<\/p>\n<\/div>\n<\/div>\n<\/div>\n<\/div>\n<\/div>\n<\/div>\n<div id=\"code_block-64-873\" class=\"ct-code-block\"><\/div>\n<div id=\"-related-products-65-873\" class=\"oxy-related-products oxy-woo-element\"><\/div>\n","protected":false},"excerpt":{"rendered":"<p>Artista: Daniele Henning T\u00edtulo: Sa\u00fade Dimens\u00e3o: 70x70cm T\u00e9cnica: Acr\u00edlica sobre tela &nbsp; &nbsp; Nascida em Rio Negro (PR), em 1967, \u00e9 artista visual formada pela Universidade Federal do Paran\u00e1 em 1988. Desde ent\u00e3o vem se aperfei\u00e7oando em arte educa\u00e7\u00e3o, desenho, pintura e escultura. Realizou sua primeira exposi\u00e7\u00e3o coletiva em 1985, \u00e0 qual se seguir\u00e3o v\u00e1rias [&hellip;]<\/p>\n","protected":false},"featured_media":1603,"template":"","meta":[],"product_brand":[],"product_cat":[117],"product_tag":[],"class_list":{"0":"post-1292","1":"product","2":"type-product","3":"status-publish","4":"has-post-thumbnail","6":"product_cat-galeria","7":"pa_artista-daniele-henning","8":"pa_estilo-figurativo","9":"pa_estilo-natureza-morta","10":"pa_tecnica-acrilica-sobre-tela","12":"first","13":"instock","14":"shipping-taxable","15":"purchasable","16":"product-type-simple"},"yoast_head":"<!-- This site is optimized with the Yoast SEO plugin v27.4 - https:\/\/yoast.com\/product\/yoast-seo-wordpress\/ -->\n<title>Daniele Henning - Sa\u00fade - Solar do Ros\u00e1rio Galeria \\\\\\\\Nova<\/title>\n<meta name=\"robots\" content=\"index, follow, max-snippet:-1, max-image-preview:large, max-video-preview:-1\" \/>\n<link rel=\"canonical\" href=\"https:\/\/solardorosario.com.br\/galeria\/produto\/daniele-henning-saude\/\" \/>\n<meta property=\"og:locale\" content=\"pt_BR\" \/>\n<meta property=\"og:type\" content=\"article\" \/>\n<meta property=\"og:title\" content=\"Daniele Henning - Sa\u00fade - Solar do Ros\u00e1rio Galeria \\\\\\\\Nova\" \/>\n<meta property=\"og:description\" content=\"Artista: Daniele Henning T\u00edtulo: Sa\u00fade Dimens\u00e3o: 70x70cm T\u00e9cnica: Acr\u00edlica sobre tela &nbsp; &nbsp; Nascida em Rio Negro (PR), em 1967, \u00e9 artista visual formada pela Universidade Federal do Paran\u00e1 em 1988. Desde ent\u00e3o vem se aperfei\u00e7oando em arte educa\u00e7\u00e3o, desenho, pintura e escultura. Realizou sua primeira exposi\u00e7\u00e3o coletiva em 1985, \u00e0 qual se seguir\u00e3o v\u00e1rias [&hellip;]\" \/>\n<meta property=\"og:url\" content=\"https:\/\/solardorosario.com.br\/galeria\/produto\/daniele-henning-saude\/\" \/>\n<meta property=\"og:site_name\" content=\"Solar do Ros\u00e1rio Galeria \\\\\\\\Nova\" \/>\n<meta property=\"article:modified_time\" content=\"2026-03-19T19:47:58+00:00\" \/>\n<meta property=\"og:image\" content=\"https:\/\/solardorosario.com.br\/galeria\/wp-content\/uploads\/2021\/03\/3402-scaled-e1617209063179.jpeg\" \/>\n\t<meta property=\"og:image:width\" content=\"300\" \/>\n\t<meta property=\"og:image:height\" content=\"246\" \/>\n\t<meta property=\"og:image:type\" content=\"image\/jpeg\" \/>\n<meta name=\"twitter:card\" content=\"summary_large_image\" \/>\n<meta name=\"twitter:label1\" content=\"Est. tempo de leitura\" \/>\n\t<meta name=\"twitter:data1\" content=\"1 minuto\" \/>\n<script type=\"application\/ld+json\" class=\"yoast-schema-graph\">{\"@context\":\"https:\\\/\\\/schema.org\",\"@graph\":[{\"@type\":\"WebPage\",\"@id\":\"https:\\\/\\\/solardorosario.com.br\\\/galeria\\\/produto\\\/daniele-henning-saude\\\/\",\"url\":\"https:\\\/\\\/solardorosario.com.br\\\/galeria\\\/produto\\\/daniele-henning-saude\\\/\",\"name\":\"Daniele Henning - Sa\u00fade - Solar do Ros\u00e1rio Galeria \\\\\\\\\\\\\\\\Nova\",\"isPartOf\":{\"@id\":\"https:\\\/\\\/solardorosario.com.br\\\/galeria\\\/#website\"},\"primaryImageOfPage\":{\"@id\":\"https:\\\/\\\/solardorosario.com.br\\\/galeria\\\/produto\\\/daniele-henning-saude\\\/#primaryimage\"},\"image\":{\"@id\":\"https:\\\/\\\/solardorosario.com.br\\\/galeria\\\/produto\\\/daniele-henning-saude\\\/#primaryimage\"},\"thumbnailUrl\":\"https:\\\/\\\/solardorosario.com.br\\\/galeria\\\/wp-content\\\/uploads\\\/2021\\\/03\\\/3402-scaled-e1617209063179.jpeg\",\"datePublished\":\"2021-03-17T20:07:01+00:00\",\"dateModified\":\"2026-03-19T19:47:58+00:00\",\"breadcrumb\":{\"@id\":\"https:\\\/\\\/solardorosario.com.br\\\/galeria\\\/produto\\\/daniele-henning-saude\\\/#breadcrumb\"},\"inLanguage\":\"pt-BR\",\"potentialAction\":[{\"@type\":\"ReadAction\",\"target\":[\"https:\\\/\\\/solardorosario.com.br\\\/galeria\\\/produto\\\/daniele-henning-saude\\\/\"]}]},{\"@type\":\"ImageObject\",\"inLanguage\":\"pt-BR\",\"@id\":\"https:\\\/\\\/solardorosario.com.br\\\/galeria\\\/produto\\\/daniele-henning-saude\\\/#primaryimage\",\"url\":\"https:\\\/\\\/solardorosario.com.br\\\/galeria\\\/wp-content\\\/uploads\\\/2021\\\/03\\\/3402-scaled-e1617209063179.jpeg\",\"contentUrl\":\"https:\\\/\\\/solardorosario.com.br\\\/galeria\\\/wp-content\\\/uploads\\\/2021\\\/03\\\/3402-scaled-e1617209063179.jpeg\",\"width\":300,\"height\":246},{\"@type\":\"BreadcrumbList\",\"@id\":\"https:\\\/\\\/solardorosario.com.br\\\/galeria\\\/produto\\\/daniele-henning-saude\\\/#breadcrumb\",\"itemListElement\":[{\"@type\":\"ListItem\",\"position\":1,\"name\":\"In\u00edcio\",\"item\":\"https:\\\/\\\/solardorosario.com.br\\\/galeria\\\/\"},{\"@type\":\"ListItem\",\"position\":2,\"name\":\"galeria\",\"item\":\"https:\\\/\\\/solardorosario.com.br\\\/galeria\\\/galeria\\\/\"},{\"@type\":\"ListItem\",\"position\":3,\"name\":\"Daniele Henning - Sa\u00fade\"}]},{\"@type\":\"WebSite\",\"@id\":\"https:\\\/\\\/solardorosario.com.br\\\/galeria\\\/#website\",\"url\":\"https:\\\/\\\/solardorosario.com.br\\\/galeria\\\/\",\"name\":\"Solar do Ros\u00e1rio Galeria \\\\\\\\\\\\\\\\Nova\",\"description\":\"\",\"potentialAction\":[{\"@type\":\"SearchAction\",\"target\":{\"@type\":\"EntryPoint\",\"urlTemplate\":\"https:\\\/\\\/solardorosario.com.br\\\/galeria\\\/?s={search_term_string}\"},\"query-input\":{\"@type\":\"PropertyValueSpecification\",\"valueRequired\":true,\"valueName\":\"search_term_string\"}}],\"inLanguage\":\"pt-BR\"}]}<\/script>\n<!-- \/ Yoast SEO plugin. -->","yoast_head_json":{"title":"Daniele Henning - Sa\u00fade - Solar do Ros\u00e1rio Galeria \\\\\\\\Nova","robots":{"index":"index","follow":"follow","max-snippet":"max-snippet:-1","max-image-preview":"max-image-preview:large","max-video-preview":"max-video-preview:-1"},"canonical":"https:\/\/solardorosario.com.br\/galeria\/produto\/daniele-henning-saude\/","og_locale":"pt_BR","og_type":"article","og_title":"Daniele Henning - Sa\u00fade - Solar do Ros\u00e1rio Galeria \\\\\\\\Nova","og_description":"Artista: Daniele Henning T\u00edtulo: Sa\u00fade Dimens\u00e3o: 70x70cm T\u00e9cnica: Acr\u00edlica sobre tela &nbsp; &nbsp; Nascida em Rio Negro (PR), em 1967, \u00e9 artista visual formada pela Universidade Federal do Paran\u00e1 em 1988. Desde ent\u00e3o vem se aperfei\u00e7oando em arte educa\u00e7\u00e3o, desenho, pintura e escultura. Realizou sua primeira exposi\u00e7\u00e3o coletiva em 1985, \u00e0 qual se seguir\u00e3o v\u00e1rias [&hellip;]","og_url":"https:\/\/solardorosario.com.br\/galeria\/produto\/daniele-henning-saude\/","og_site_name":"Solar do Ros\u00e1rio Galeria \\\\\\\\Nova","article_modified_time":"2026-03-19T19:47:58+00:00","og_image":[{"width":300,"height":246,"url":"https:\/\/solardorosario.com.br\/galeria\/wp-content\/uploads\/2021\/03\/3402-scaled-e1617209063179.jpeg","type":"image\/jpeg"}],"twitter_card":"summary_large_image","twitter_misc":{"Est. tempo de leitura":"1 minuto"},"schema":{"@context":"https:\/\/schema.org","@graph":[{"@type":"WebPage","@id":"https:\/\/solardorosario.com.br\/galeria\/produto\/daniele-henning-saude\/","url":"https:\/\/solardorosario.com.br\/galeria\/produto\/daniele-henning-saude\/","name":"Daniele Henning - Sa\u00fade - Solar do Ros\u00e1rio Galeria \\\\\\\\Nova","isPartOf":{"@id":"https:\/\/solardorosario.com.br\/galeria\/#website"},"primaryImageOfPage":{"@id":"https:\/\/solardorosario.com.br\/galeria\/produto\/daniele-henning-saude\/#primaryimage"},"image":{"@id":"https:\/\/solardorosario.com.br\/galeria\/produto\/daniele-henning-saude\/#primaryimage"},"thumbnailUrl":"https:\/\/solardorosario.com.br\/galeria\/wp-content\/uploads\/2021\/03\/3402-scaled-e1617209063179.jpeg","datePublished":"2021-03-17T20:07:01+00:00","dateModified":"2026-03-19T19:47:58+00:00","breadcrumb":{"@id":"https:\/\/solardorosario.com.br\/galeria\/produto\/daniele-henning-saude\/#breadcrumb"},"inLanguage":"pt-BR","potentialAction":[{"@type":"ReadAction","target":["https:\/\/solardorosario.com.br\/galeria\/produto\/daniele-henning-saude\/"]}]},{"@type":"ImageObject","inLanguage":"pt-BR","@id":"https:\/\/solardorosario.com.br\/galeria\/produto\/daniele-henning-saude\/#primaryimage","url":"https:\/\/solardorosario.com.br\/galeria\/wp-content\/uploads\/2021\/03\/3402-scaled-e1617209063179.jpeg","contentUrl":"https:\/\/solardorosario.com.br\/galeria\/wp-content\/uploads\/2021\/03\/3402-scaled-e1617209063179.jpeg","width":300,"height":246},{"@type":"BreadcrumbList","@id":"https:\/\/solardorosario.com.br\/galeria\/produto\/daniele-henning-saude\/#breadcrumb","itemListElement":[{"@type":"ListItem","position":1,"name":"In\u00edcio","item":"https:\/\/solardorosario.com.br\/galeria\/"},{"@type":"ListItem","position":2,"name":"galeria","item":"https:\/\/solardorosario.com.br\/galeria\/galeria\/"},{"@type":"ListItem","position":3,"name":"Daniele Henning - Sa\u00fade"}]},{"@type":"WebSite","@id":"https:\/\/solardorosario.com.br\/galeria\/#website","url":"https:\/\/solardorosario.com.br\/galeria\/","name":"Solar do Ros\u00e1rio Galeria \\\\\\\\Nova","description":"","potentialAction":[{"@type":"SearchAction","target":{"@type":"EntryPoint","urlTemplate":"https:\/\/solardorosario.com.br\/galeria\/?s={search_term_string}"},"query-input":{"@type":"PropertyValueSpecification","valueRequired":true,"valueName":"search_term_string"}}],"inLanguage":"pt-BR"}]}},"_links":{"self":[{"href":"https:\/\/solardorosario.com.br\/galeria\/wp-json\/wp\/v2\/product\/1292","targetHints":{"allow":["GET"]}}],"collection":[{"href":"https:\/\/solardorosario.com.br\/galeria\/wp-json\/wp\/v2\/product"}],"about":[{"href":"https:\/\/solardorosario.com.br\/galeria\/wp-json\/wp\/v2\/types\/product"}],"wp:featuredmedia":[{"embeddable":true,"href":"https:\/\/solardorosario.com.br\/galeria\/wp-json\/wp\/v2\/media\/1603"}],"wp:attachment":[{"href":"https:\/\/solardorosario.com.br\/galeria\/wp-json\/wp\/v2\/media?parent=1292"}],"wp:term":[{"taxonomy":"product_brand","embeddable":true,"href":"https:\/\/solardorosario.com.br\/galeria\/wp-json\/wp\/v2\/product_brand?post=1292"},{"taxonomy":"product_cat","embeddable":true,"href":"https:\/\/solardorosario.com.br\/galeria\/wp-json\/wp\/v2\/product_cat?post=1292"},{"taxonomy":"product_tag","embeddable":true,"href":"https:\/\/solardorosario.com.br\/galeria\/wp-json\/wp\/v2\/product_tag?post=1292"}],"curies":[{"name":"wp","href":"https:\/\/api.w.org\/{rel}","templated":true}]}}