{"id":1288,"date":"2021-03-17T17:06:50","date_gmt":"2021-03-17T20:06:50","guid":{"rendered":"https:\/\/solardorosario.com.br\/galerianova\/cursos\/alvaro-borges-3\/"},"modified":"2025-11-27T15:40:31","modified_gmt":"2025-11-27T18:40:31","slug":"alvaro-borges-sem-titulo","status":"publish","type":"product","link":"https:\/\/solardorosario.com.br\/galeria\/produto\/alvaro-borges-sem-titulo\/","title":{"rendered":"\u00c1lvaro Borges - Sem T\u00edtulo"},"content":{"rendered":"<p><strong>Artista:<\/strong> \u00c1lvaro Borges<\/p>\n<p><strong>T\u00edtulo:<\/strong> Sem t\u00edtulo<\/p>\n<p><strong>Dimens\u00e3o:<\/strong> 61x69cm<\/p>\n<p><strong>T\u00e9cnica:<\/strong> \u00d3leo sobre madeira (com moldura)<\/p>\n<p>&nbsp;<\/p>\n<p>Nascido em Ponta Grossa - PR, em 1928. Artista visual, pintor e desenhista autodidata. Um dos fundadores do Grupo Um, coletivo que realizou diversas exposi\u00e7\u00f5es em Curitiba e uma em Paranagu\u00e1. A partir de 1957, participou de diversos sal\u00f5es, no qual recebeu premia\u00e7\u00f5es, como por exemplo, no Sal\u00e3o Paranaense de Belas Artes da Primavera. Fez exposi\u00e7\u00f5es individuais e coletivas em Curitiba, S\u00e3o Paulo, Rio de Janeiro, Santos, Londrina. Suas obras integram o acervo do Museu de Arte Contempor\u00e2nea do Paran\u00e1 (MAC-PR).<\/p>\n","protected":false},"excerpt":{"rendered":"<p>Artista: \u00c1lvaro Borges T\u00edtulo: Sem t\u00edtulo Dimens\u00e3o: 61x69cm T\u00e9cnica: \u00d3leo sobre madeira (com moldura) &nbsp; Nascido em Ponta Grossa - PR, em 1928. Artista visual, pintor e desenhista autodidata. Um dos fundadores do Grupo Um, coletivo que realizou diversas exposi\u00e7\u00f5es em Curitiba e uma em Paranagu\u00e1. A partir de 1957, participou de diversos sal\u00f5es, no [&hellip;]<\/p>\n","protected":false},"featured_media":1287,"template":"","meta":[],"product_brand":[],"product_cat":[117],"product_tag":[],"class_list":{"0":"post-1288","1":"product","2":"type-product","3":"status-publish","4":"has-post-thumbnail","6":"product_cat-galeria","7":"pa_artista-alvaro-borges","8":"pa_estilo-natureza-morta","9":"pa_tecnica-oleo-sobre-madeira","11":"first","12":"instock","13":"shipping-taxable","14":"purchasable","15":"product-type-simple"},"yoast_head":"<!-- This site is optimized with the Yoast SEO plugin v27.4 - https:\/\/yoast.com\/product\/yoast-seo-wordpress\/ -->\n<title>\u00c1lvaro Borges - Sem T\u00edtulo - Solar do Ros\u00e1rio Galeria \\\\\\\\Nova<\/title>\n<meta name=\"robots\" content=\"index, follow, max-snippet:-1, max-image-preview:large, max-video-preview:-1\" \/>\n<link rel=\"canonical\" href=\"https:\/\/solardorosario.com.br\/galeria\/produto\/alvaro-borges-sem-titulo\/\" \/>\n<meta property=\"og:locale\" content=\"pt_BR\" \/>\n<meta property=\"og:type\" content=\"article\" \/>\n<meta property=\"og:title\" content=\"\u00c1lvaro Borges - Sem T\u00edtulo - Solar do Ros\u00e1rio Galeria \\\\\\\\Nova\" \/>\n<meta property=\"og:description\" content=\"Artista: \u00c1lvaro Borges T\u00edtulo: Sem t\u00edtulo Dimens\u00e3o: 61x69cm T\u00e9cnica: \u00d3leo sobre madeira (com moldura) &nbsp; Nascido em Ponta Grossa - PR, em 1928. Artista visual, pintor e desenhista autodidata. Um dos fundadores do Grupo Um, coletivo que realizou diversas exposi\u00e7\u00f5es em Curitiba e uma em Paranagu\u00e1. A partir de 1957, participou de diversos sal\u00f5es, no [&hellip;]\" \/>\n<meta property=\"og:url\" content=\"https:\/\/solardorosario.com.br\/galeria\/produto\/alvaro-borges-sem-titulo\/\" \/>\n<meta property=\"og:site_name\" content=\"Solar do Ros\u00e1rio Galeria \\\\\\\\Nova\" \/>\n<meta property=\"article:modified_time\" content=\"2025-11-27T18:40:31+00:00\" \/>\n<meta property=\"og:image\" content=\"https:\/\/solardorosario.com.br\/galeria\/wp-content\/uploads\/2021\/03\/9131.jpg\" \/>\n\t<meta property=\"og:image:width\" content=\"448\" \/>\n\t<meta property=\"og:image:height\" content=\"384\" \/>\n\t<meta property=\"og:image:type\" content=\"image\/jpeg\" \/>\n<meta name=\"twitter:card\" content=\"summary_large_image\" \/>\n<meta name=\"twitter:label1\" content=\"Est. tempo de leitura\" \/>\n\t<meta name=\"twitter:data1\" content=\"1 minuto\" \/>\n<script type=\"application\/ld+json\" class=\"yoast-schema-graph\">{\"@context\":\"https:\\\/\\\/schema.org\",\"@graph\":[{\"@type\":\"WebPage\",\"@id\":\"https:\\\/\\\/solardorosario.com.br\\\/galeria\\\/produto\\\/alvaro-borges-sem-titulo\\\/\",\"url\":\"https:\\\/\\\/solardorosario.com.br\\\/galeria\\\/produto\\\/alvaro-borges-sem-titulo\\\/\",\"name\":\"\u00c1lvaro Borges - Sem T\u00edtulo - Solar do Ros\u00e1rio Galeria \\\\\\\\\\\\\\\\Nova\",\"isPartOf\":{\"@id\":\"https:\\\/\\\/solardorosario.com.br\\\/galeria\\\/#website\"},\"primaryImageOfPage\":{\"@id\":\"https:\\\/\\\/solardorosario.com.br\\\/galeria\\\/produto\\\/alvaro-borges-sem-titulo\\\/#primaryimage\"},\"image\":{\"@id\":\"https:\\\/\\\/solardorosario.com.br\\\/galeria\\\/produto\\\/alvaro-borges-sem-titulo\\\/#primaryimage\"},\"thumbnailUrl\":\"https:\\\/\\\/solardorosario.com.br\\\/galeria\\\/wp-content\\\/uploads\\\/2021\\\/03\\\/9131.jpg\",\"datePublished\":\"2021-03-17T20:06:50+00:00\",\"dateModified\":\"2025-11-27T18:40:31+00:00\",\"breadcrumb\":{\"@id\":\"https:\\\/\\\/solardorosario.com.br\\\/galeria\\\/produto\\\/alvaro-borges-sem-titulo\\\/#breadcrumb\"},\"inLanguage\":\"pt-BR\",\"potentialAction\":[{\"@type\":\"ReadAction\",\"target\":[\"https:\\\/\\\/solardorosario.com.br\\\/galeria\\\/produto\\\/alvaro-borges-sem-titulo\\\/\"]}]},{\"@type\":\"ImageObject\",\"inLanguage\":\"pt-BR\",\"@id\":\"https:\\\/\\\/solardorosario.com.br\\\/galeria\\\/produto\\\/alvaro-borges-sem-titulo\\\/#primaryimage\",\"url\":\"https:\\\/\\\/solardorosario.com.br\\\/galeria\\\/wp-content\\\/uploads\\\/2021\\\/03\\\/9131.jpg\",\"contentUrl\":\"https:\\\/\\\/solardorosario.com.br\\\/galeria\\\/wp-content\\\/uploads\\\/2021\\\/03\\\/9131.jpg\",\"width\":448,\"height\":384},{\"@type\":\"BreadcrumbList\",\"@id\":\"https:\\\/\\\/solardorosario.com.br\\\/galeria\\\/produto\\\/alvaro-borges-sem-titulo\\\/#breadcrumb\",\"itemListElement\":[{\"@type\":\"ListItem\",\"position\":1,\"name\":\"In\u00edcio\",\"item\":\"https:\\\/\\\/solardorosario.com.br\\\/galeria\\\/\"},{\"@type\":\"ListItem\",\"position\":2,\"name\":\"galeria\",\"item\":\"https:\\\/\\\/solardorosario.com.br\\\/galeria\\\/galeria\\\/\"},{\"@type\":\"ListItem\",\"position\":3,\"name\":\"\u00c1lvaro Borges - Sem T\u00edtulo\"}]},{\"@type\":\"WebSite\",\"@id\":\"https:\\\/\\\/solardorosario.com.br\\\/galeria\\\/#website\",\"url\":\"https:\\\/\\\/solardorosario.com.br\\\/galeria\\\/\",\"name\":\"Solar do Ros\u00e1rio Galeria \\\\\\\\\\\\\\\\Nova\",\"description\":\"\",\"potentialAction\":[{\"@type\":\"SearchAction\",\"target\":{\"@type\":\"EntryPoint\",\"urlTemplate\":\"https:\\\/\\\/solardorosario.com.br\\\/galeria\\\/?s={search_term_string}\"},\"query-input\":{\"@type\":\"PropertyValueSpecification\",\"valueRequired\":true,\"valueName\":\"search_term_string\"}}],\"inLanguage\":\"pt-BR\"}]}<\/script>\n<!-- \/ Yoast SEO plugin. -->","yoast_head_json":{"title":"\u00c1lvaro Borges - Sem T\u00edtulo - Solar do Ros\u00e1rio Galeria \\\\\\\\Nova","robots":{"index":"index","follow":"follow","max-snippet":"max-snippet:-1","max-image-preview":"max-image-preview:large","max-video-preview":"max-video-preview:-1"},"canonical":"https:\/\/solardorosario.com.br\/galeria\/produto\/alvaro-borges-sem-titulo\/","og_locale":"pt_BR","og_type":"article","og_title":"\u00c1lvaro Borges - Sem T\u00edtulo - Solar do Ros\u00e1rio Galeria \\\\\\\\Nova","og_description":"Artista: \u00c1lvaro Borges T\u00edtulo: Sem t\u00edtulo Dimens\u00e3o: 61x69cm T\u00e9cnica: \u00d3leo sobre madeira (com moldura) &nbsp; Nascido em Ponta Grossa - PR, em 1928. Artista visual, pintor e desenhista autodidata. Um dos fundadores do Grupo Um, coletivo que realizou diversas exposi\u00e7\u00f5es em Curitiba e uma em Paranagu\u00e1. A partir de 1957, participou de diversos sal\u00f5es, no [&hellip;]","og_url":"https:\/\/solardorosario.com.br\/galeria\/produto\/alvaro-borges-sem-titulo\/","og_site_name":"Solar do Ros\u00e1rio Galeria \\\\\\\\Nova","article_modified_time":"2025-11-27T18:40:31+00:00","og_image":[{"width":448,"height":384,"url":"https:\/\/solardorosario.com.br\/galeria\/wp-content\/uploads\/2021\/03\/9131.jpg","type":"image\/jpeg"}],"twitter_card":"summary_large_image","twitter_misc":{"Est. tempo de leitura":"1 minuto"},"schema":{"@context":"https:\/\/schema.org","@graph":[{"@type":"WebPage","@id":"https:\/\/solardorosario.com.br\/galeria\/produto\/alvaro-borges-sem-titulo\/","url":"https:\/\/solardorosario.com.br\/galeria\/produto\/alvaro-borges-sem-titulo\/","name":"\u00c1lvaro Borges - Sem T\u00edtulo - Solar do Ros\u00e1rio Galeria \\\\\\\\Nova","isPartOf":{"@id":"https:\/\/solardorosario.com.br\/galeria\/#website"},"primaryImageOfPage":{"@id":"https:\/\/solardorosario.com.br\/galeria\/produto\/alvaro-borges-sem-titulo\/#primaryimage"},"image":{"@id":"https:\/\/solardorosario.com.br\/galeria\/produto\/alvaro-borges-sem-titulo\/#primaryimage"},"thumbnailUrl":"https:\/\/solardorosario.com.br\/galeria\/wp-content\/uploads\/2021\/03\/9131.jpg","datePublished":"2021-03-17T20:06:50+00:00","dateModified":"2025-11-27T18:40:31+00:00","breadcrumb":{"@id":"https:\/\/solardorosario.com.br\/galeria\/produto\/alvaro-borges-sem-titulo\/#breadcrumb"},"inLanguage":"pt-BR","potentialAction":[{"@type":"ReadAction","target":["https:\/\/solardorosario.com.br\/galeria\/produto\/alvaro-borges-sem-titulo\/"]}]},{"@type":"ImageObject","inLanguage":"pt-BR","@id":"https:\/\/solardorosario.com.br\/galeria\/produto\/alvaro-borges-sem-titulo\/#primaryimage","url":"https:\/\/solardorosario.com.br\/galeria\/wp-content\/uploads\/2021\/03\/9131.jpg","contentUrl":"https:\/\/solardorosario.com.br\/galeria\/wp-content\/uploads\/2021\/03\/9131.jpg","width":448,"height":384},{"@type":"BreadcrumbList","@id":"https:\/\/solardorosario.com.br\/galeria\/produto\/alvaro-borges-sem-titulo\/#breadcrumb","itemListElement":[{"@type":"ListItem","position":1,"name":"In\u00edcio","item":"https:\/\/solardorosario.com.br\/galeria\/"},{"@type":"ListItem","position":2,"name":"galeria","item":"https:\/\/solardorosario.com.br\/galeria\/galeria\/"},{"@type":"ListItem","position":3,"name":"\u00c1lvaro Borges - Sem T\u00edtulo"}]},{"@type":"WebSite","@id":"https:\/\/solardorosario.com.br\/galeria\/#website","url":"https:\/\/solardorosario.com.br\/galeria\/","name":"Solar do Ros\u00e1rio Galeria \\\\\\\\Nova","description":"","potentialAction":[{"@type":"SearchAction","target":{"@type":"EntryPoint","urlTemplate":"https:\/\/solardorosario.com.br\/galeria\/?s={search_term_string}"},"query-input":{"@type":"PropertyValueSpecification","valueRequired":true,"valueName":"search_term_string"}}],"inLanguage":"pt-BR"}]}},"_links":{"self":[{"href":"https:\/\/solardorosario.com.br\/galeria\/wp-json\/wp\/v2\/product\/1288","targetHints":{"allow":["GET"]}}],"collection":[{"href":"https:\/\/solardorosario.com.br\/galeria\/wp-json\/wp\/v2\/product"}],"about":[{"href":"https:\/\/solardorosario.com.br\/galeria\/wp-json\/wp\/v2\/types\/product"}],"wp:featuredmedia":[{"embeddable":true,"href":"https:\/\/solardorosario.com.br\/galeria\/wp-json\/wp\/v2\/media\/1287"}],"wp:attachment":[{"href":"https:\/\/solardorosario.com.br\/galeria\/wp-json\/wp\/v2\/media?parent=1288"}],"wp:term":[{"taxonomy":"product_brand","embeddable":true,"href":"https:\/\/solardorosario.com.br\/galeria\/wp-json\/wp\/v2\/product_brand?post=1288"},{"taxonomy":"product_cat","embeddable":true,"href":"https:\/\/solardorosario.com.br\/galeria\/wp-json\/wp\/v2\/product_cat?post=1288"},{"taxonomy":"product_tag","embeddable":true,"href":"https:\/\/solardorosario.com.br\/galeria\/wp-json\/wp\/v2\/product_tag?post=1288"}],"curies":[{"name":"wp","href":"https:\/\/api.w.org\/{rel}","templated":true}]}}