{"id":1130,"date":"2021-02-11T15:09:29","date_gmt":"2021-02-11T18:09:29","guid":{"rendered":"https:\/\/solardorosario.com.br\/galerianova\/cursos\/calderari-talha-8\/"},"modified":"2026-03-18T17:47:05","modified_gmt":"2026-03-18T20:47:05","slug":"calderari-talha-8","status":"publish","type":"product","link":"https:\/\/solardorosario.com.br\/galeria\/produto\/calderari-talha-8\/","title":{"rendered":"Calderari - Talha"},"content":{"rendered":"<p><strong>Artista:<\/strong> Calderari<\/p>\n<p><strong>T\u00edtulo:<\/strong> Talha<\/p>\n<p><strong>Dimens\u00e3o:<\/strong> 56x46cm<\/p>\n<p><strong>T\u00e9cnica:<\/strong> Talha em madeira<\/p>\n<p>&nbsp;<\/p>\n<p>&nbsp;<\/p>\n<p><!--StartFragment --><\/p>\n<p class=\"pf0\"><span class=\"cf0\">Fernando <\/span><span class=\"cf0\">Calderari<\/span><span class=\"cf0\"> nasceu em 19 de fevereiro de 1939, na Lapa, no Paran\u00e1 e faleceu na capital paranaense, em 14 de dezembro de 2021. Era artista visual, pintor, gravador e professor. Era formado em Pintura, pela Escola de M\u00fasica e Belas Artes do Paran\u00e1 (EMBAP), onde teve aula com artistas renomados como Guido <\/span><span class=\"cf0\">Viaro<\/span><span class=\"cf0\">, Theodoro de Bona e <\/span><span class=\"cf0\">Erbo<\/span> <span class=\"cf0\">Stenzel<\/span><span class=\"cf0\">. Tamb\u00e9m se graduou na Pontif\u00edcia Universidade Cat\u00f3lica do Paran\u00e1 (PUC-PR), em 1963, em Did\u00e1tica Especial em Desenho. Morou um per\u00edodo no Rio de Janeiro e estagiou no Ateli\u00ea de Gravura do Museu de Arte Moderna (MAM-RJ) e exp\u00f4s individualmente pela primeira vez. Ao retornar para Curitiba, ensinava gravura no Centro de Criatividade de Curitiba e no Ateli\u00ea <\/span><span class=\"cf0\">Poty<\/span> <span class=\"cf0\">Lazzarotto<\/span><span class=\"cf0\">, no Solar do Bar\u00e3o. A partir da d\u00e9cada de 70, participou do Congresso da Associa\u00e7\u00e3o Internacional de Artes Pl\u00e1sticas em Varna, na Bulg\u00e1ria e da comiss\u00e3o julgadora do Sal\u00e3o Paranaense de Belas Artes, em Curitiba. Desde 1977 era professor da PUC-PR e era membro da comiss\u00e3o de sele\u00e7\u00e3o e premia\u00e7\u00e3o do Sal\u00e3o de Arte Religiosa, no Museu Universit\u00e1rio da PUC-PR. Participou de mais de 40 exposi\u00e7\u00f5es individuais e coletivas em Curitiba, S\u00e3o Paulo, Rio de Janeiro, Joinville, Foz do Igua\u00e7u, Florian\u00f3polis, Porto Alegre, Fortaleza, Campinas, Itaja\u00ed, al\u00e9m de exposi\u00e7\u00f5es na Alemanha e na Su\u00ed\u00e7a. <\/span><\/p>\n<p><!--EndFragment --><\/p>\n<p>&nbsp;<\/p>\n<p><em>Pintor, gravador, desenhista, escultor e professor universit\u00e1rio. \u00c9 respons\u00e1vel pela forma\u00e7\u00e3o de pelo menos tr\u00eas gera\u00e7\u00f5es de artistas pl\u00e1sticos. Foi um dos pioneiros do abstracionismo no Paran\u00e1 e teve papel fundamental na difus\u00e3o da gravura no Estado.<\/em><\/p>\n<p>Lucia Casillo, 2006<\/p>\n<p>&nbsp;<\/p>\n<p><em>Azuis que possuem cheiro de praias e dist\u00e2ncias, imensid\u00f5es e espa\u00e7os - a vastid\u00e3o da cor.<\/em><br \/>\n<em>Tonalidade que o artista carrega consigo, marca da sua m\u00e3o e express\u00e3o.<\/em><br \/>\n<em>A pintura de Calderari n\u00e3o suscita aplausos. \u00c9 muito mais que uma admira\u00e7\u00e3o silenciosa, reverenciando um encantamento que s\u00f3 pertence ao artista. \u00c9 como se pud\u00e9ssemos v\u00ea-lo, sozinho, naquele instante m\u00e1gico em que seus olhos buscam o objeto de sua pintura. Em Hamburgo, ou em qualquer outro porto, sorvendo grandes bocados da paisagem, para depois transpassar o que sua solid\u00e3o e sensibilidade absorveram.<\/em><br \/>\n<em>Azul de t\u00e3o azul, reflexos do c\u00e9u que se despoja sobre ele, onde reflete e \u00e9 refletido. Azul da noite chegando, e o mar ent\u00e3o se aprofunda, recolhendo para si a intimidade do mundo, num azul t\u00e3o e t\u00e3o que nossos olhos perdem-se dentro dele.<\/em><br \/>\n<em>A pintura de Calderari se contrai e se alarga, em nuances que s\u00e3o a pr\u00f3pria alma atrav\u00e9s da m\u00e3o do artista. R\u00e1pidas pinceladas, precis\u00e3o e objetividade. A magia na escolha, ao encontro da pr\u00f3pria cor.<\/em><br \/>\n<em>Uma vez encontrada ela \u00e9 \u00fanica, como uma assinatura em pincel e tinta.<\/em><br \/>\n<em>N\u00e3o mais necess\u00e1rio o nome. O artista assina em cor.<\/em><\/p>\n<p>Moira Lise, 2000*<\/p>\n<p>*Trecho retirado do livro <em>Pintores Contempor\u00e2neos do Paran\u00e1, Vol 1<\/em>, editado pelo Solar do Ros\u00e1rio em 2000<\/p>\n","protected":false},"excerpt":{"rendered":"<p>Artista: Calderari T\u00edtulo: Talha Dimens\u00e3o: 56x46cm T\u00e9cnica: Talha em madeira &nbsp; &nbsp; Fernando Calderari nasceu em 19 de fevereiro de 1939, na Lapa, no Paran\u00e1 e faleceu na capital paranaense, em 14 de dezembro de 2021. Era artista visual, pintor, gravador e professor. Era formado em Pintura, pela Escola de M\u00fasica e Belas Artes do [&hellip;]<\/p>\n","protected":false},"featured_media":1129,"template":"","meta":[],"product_brand":[],"product_cat":[117],"product_tag":[],"class_list":{"0":"post-1130","1":"product","2":"type-product","3":"status-publish","4":"has-post-thumbnail","6":"product_cat-galeria","7":"pa_artista-calderari","8":"pa_estilo-figurativo-marinha","9":"pa_tecnica-entalhe-em-madeira","10":"pa_tecnica-madeira","12":"first","13":"instock","14":"shipping-taxable","15":"purchasable","16":"product-type-simple"},"yoast_head":"<!-- This site is optimized with the Yoast SEO plugin v27.4 - https:\/\/yoast.com\/product\/yoast-seo-wordpress\/ -->\n<title>Calderari - Talha - Solar do Ros\u00e1rio Galeria \\\\\\\\Nova<\/title>\n<meta name=\"robots\" content=\"index, follow, max-snippet:-1, max-image-preview:large, max-video-preview:-1\" \/>\n<link rel=\"canonical\" href=\"https:\/\/solardorosario.com.br\/galeria\/produto\/calderari-talha-8\/\" \/>\n<meta property=\"og:locale\" content=\"pt_BR\" \/>\n<meta property=\"og:type\" content=\"article\" \/>\n<meta property=\"og:title\" content=\"Calderari - Talha - Solar do Ros\u00e1rio Galeria \\\\\\\\Nova\" \/>\n<meta property=\"og:description\" content=\"Artista: Calderari T\u00edtulo: Talha Dimens\u00e3o: 56x46cm T\u00e9cnica: Talha em madeira &nbsp; &nbsp; Fernando Calderari nasceu em 19 de fevereiro de 1939, na Lapa, no Paran\u00e1 e faleceu na capital paranaense, em 14 de dezembro de 2021. Era artista visual, pintor, gravador e professor. Era formado em Pintura, pela Escola de M\u00fasica e Belas Artes do [&hellip;]\" \/>\n<meta property=\"og:url\" content=\"https:\/\/solardorosario.com.br\/galeria\/produto\/calderari-talha-8\/\" \/>\n<meta property=\"og:site_name\" content=\"Solar do Ros\u00e1rio Galeria \\\\\\\\Nova\" \/>\n<meta property=\"article:modified_time\" content=\"2026-03-18T20:47:05+00:00\" \/>\n<meta property=\"og:image\" content=\"https:\/\/solardorosario.com.br\/galeria\/wp-content\/uploads\/2021\/02\/0807-e1618251294308.jpeg\" \/>\n\t<meta property=\"og:image:width\" content=\"300\" \/>\n\t<meta property=\"og:image:height\" content=\"210\" \/>\n\t<meta property=\"og:image:type\" content=\"image\/jpeg\" \/>\n<meta name=\"twitter:card\" content=\"summary_large_image\" \/>\n<meta name=\"twitter:label1\" content=\"Est. tempo de leitura\" \/>\n\t<meta name=\"twitter:data1\" content=\"3 minutos\" \/>\n<script type=\"application\/ld+json\" class=\"yoast-schema-graph\">{\"@context\":\"https:\\\/\\\/schema.org\",\"@graph\":[{\"@type\":\"WebPage\",\"@id\":\"https:\\\/\\\/solardorosario.com.br\\\/galeria\\\/produto\\\/calderari-talha-8\\\/\",\"url\":\"https:\\\/\\\/solardorosario.com.br\\\/galeria\\\/produto\\\/calderari-talha-8\\\/\",\"name\":\"Calderari - Talha - Solar do Ros\u00e1rio Galeria \\\\\\\\\\\\\\\\Nova\",\"isPartOf\":{\"@id\":\"https:\\\/\\\/solardorosario.com.br\\\/galeria\\\/#website\"},\"primaryImageOfPage\":{\"@id\":\"https:\\\/\\\/solardorosario.com.br\\\/galeria\\\/produto\\\/calderari-talha-8\\\/#primaryimage\"},\"image\":{\"@id\":\"https:\\\/\\\/solardorosario.com.br\\\/galeria\\\/produto\\\/calderari-talha-8\\\/#primaryimage\"},\"thumbnailUrl\":\"https:\\\/\\\/solardorosario.com.br\\\/galeria\\\/wp-content\\\/uploads\\\/2021\\\/02\\\/0807-e1618251294308.jpeg\",\"datePublished\":\"2021-02-11T18:09:29+00:00\",\"dateModified\":\"2026-03-18T20:47:05+00:00\",\"breadcrumb\":{\"@id\":\"https:\\\/\\\/solardorosario.com.br\\\/galeria\\\/produto\\\/calderari-talha-8\\\/#breadcrumb\"},\"inLanguage\":\"pt-BR\",\"potentialAction\":[{\"@type\":\"ReadAction\",\"target\":[\"https:\\\/\\\/solardorosario.com.br\\\/galeria\\\/produto\\\/calderari-talha-8\\\/\"]}]},{\"@type\":\"ImageObject\",\"inLanguage\":\"pt-BR\",\"@id\":\"https:\\\/\\\/solardorosario.com.br\\\/galeria\\\/produto\\\/calderari-talha-8\\\/#primaryimage\",\"url\":\"https:\\\/\\\/solardorosario.com.br\\\/galeria\\\/wp-content\\\/uploads\\\/2021\\\/02\\\/0807-e1618251294308.jpeg\",\"contentUrl\":\"https:\\\/\\\/solardorosario.com.br\\\/galeria\\\/wp-content\\\/uploads\\\/2021\\\/02\\\/0807-e1618251294308.jpeg\",\"width\":300,\"height\":210},{\"@type\":\"BreadcrumbList\",\"@id\":\"https:\\\/\\\/solardorosario.com.br\\\/galeria\\\/produto\\\/calderari-talha-8\\\/#breadcrumb\",\"itemListElement\":[{\"@type\":\"ListItem\",\"position\":1,\"name\":\"In\u00edcio\",\"item\":\"https:\\\/\\\/solardorosario.com.br\\\/galeria\\\/\"},{\"@type\":\"ListItem\",\"position\":2,\"name\":\"galeria\",\"item\":\"https:\\\/\\\/solardorosario.com.br\\\/galeria\\\/galeria\\\/\"},{\"@type\":\"ListItem\",\"position\":3,\"name\":\"Calderari - Talha\"}]},{\"@type\":\"WebSite\",\"@id\":\"https:\\\/\\\/solardorosario.com.br\\\/galeria\\\/#website\",\"url\":\"https:\\\/\\\/solardorosario.com.br\\\/galeria\\\/\",\"name\":\"Solar do Ros\u00e1rio Galeria \\\\\\\\\\\\\\\\Nova\",\"description\":\"\",\"potentialAction\":[{\"@type\":\"SearchAction\",\"target\":{\"@type\":\"EntryPoint\",\"urlTemplate\":\"https:\\\/\\\/solardorosario.com.br\\\/galeria\\\/?s={search_term_string}\"},\"query-input\":{\"@type\":\"PropertyValueSpecification\",\"valueRequired\":true,\"valueName\":\"search_term_string\"}}],\"inLanguage\":\"pt-BR\"}]}<\/script>\n<!-- \/ Yoast SEO plugin. -->","yoast_head_json":{"title":"Calderari - Talha - Solar do Ros\u00e1rio Galeria \\\\\\\\Nova","robots":{"index":"index","follow":"follow","max-snippet":"max-snippet:-1","max-image-preview":"max-image-preview:large","max-video-preview":"max-video-preview:-1"},"canonical":"https:\/\/solardorosario.com.br\/galeria\/produto\/calderari-talha-8\/","og_locale":"pt_BR","og_type":"article","og_title":"Calderari - Talha - Solar do Ros\u00e1rio Galeria \\\\\\\\Nova","og_description":"Artista: Calderari T\u00edtulo: Talha Dimens\u00e3o: 56x46cm T\u00e9cnica: Talha em madeira &nbsp; &nbsp; Fernando Calderari nasceu em 19 de fevereiro de 1939, na Lapa, no Paran\u00e1 e faleceu na capital paranaense, em 14 de dezembro de 2021. Era artista visual, pintor, gravador e professor. Era formado em Pintura, pela Escola de M\u00fasica e Belas Artes do [&hellip;]","og_url":"https:\/\/solardorosario.com.br\/galeria\/produto\/calderari-talha-8\/","og_site_name":"Solar do Ros\u00e1rio Galeria \\\\\\\\Nova","article_modified_time":"2026-03-18T20:47:05+00:00","og_image":[{"width":300,"height":210,"url":"https:\/\/solardorosario.com.br\/galeria\/wp-content\/uploads\/2021\/02\/0807-e1618251294308.jpeg","type":"image\/jpeg"}],"twitter_card":"summary_large_image","twitter_misc":{"Est. tempo de leitura":"3 minutos"},"schema":{"@context":"https:\/\/schema.org","@graph":[{"@type":"WebPage","@id":"https:\/\/solardorosario.com.br\/galeria\/produto\/calderari-talha-8\/","url":"https:\/\/solardorosario.com.br\/galeria\/produto\/calderari-talha-8\/","name":"Calderari - Talha - Solar do Ros\u00e1rio Galeria \\\\\\\\Nova","isPartOf":{"@id":"https:\/\/solardorosario.com.br\/galeria\/#website"},"primaryImageOfPage":{"@id":"https:\/\/solardorosario.com.br\/galeria\/produto\/calderari-talha-8\/#primaryimage"},"image":{"@id":"https:\/\/solardorosario.com.br\/galeria\/produto\/calderari-talha-8\/#primaryimage"},"thumbnailUrl":"https:\/\/solardorosario.com.br\/galeria\/wp-content\/uploads\/2021\/02\/0807-e1618251294308.jpeg","datePublished":"2021-02-11T18:09:29+00:00","dateModified":"2026-03-18T20:47:05+00:00","breadcrumb":{"@id":"https:\/\/solardorosario.com.br\/galeria\/produto\/calderari-talha-8\/#breadcrumb"},"inLanguage":"pt-BR","potentialAction":[{"@type":"ReadAction","target":["https:\/\/solardorosario.com.br\/galeria\/produto\/calderari-talha-8\/"]}]},{"@type":"ImageObject","inLanguage":"pt-BR","@id":"https:\/\/solardorosario.com.br\/galeria\/produto\/calderari-talha-8\/#primaryimage","url":"https:\/\/solardorosario.com.br\/galeria\/wp-content\/uploads\/2021\/02\/0807-e1618251294308.jpeg","contentUrl":"https:\/\/solardorosario.com.br\/galeria\/wp-content\/uploads\/2021\/02\/0807-e1618251294308.jpeg","width":300,"height":210},{"@type":"BreadcrumbList","@id":"https:\/\/solardorosario.com.br\/galeria\/produto\/calderari-talha-8\/#breadcrumb","itemListElement":[{"@type":"ListItem","position":1,"name":"In\u00edcio","item":"https:\/\/solardorosario.com.br\/galeria\/"},{"@type":"ListItem","position":2,"name":"galeria","item":"https:\/\/solardorosario.com.br\/galeria\/galeria\/"},{"@type":"ListItem","position":3,"name":"Calderari - Talha"}]},{"@type":"WebSite","@id":"https:\/\/solardorosario.com.br\/galeria\/#website","url":"https:\/\/solardorosario.com.br\/galeria\/","name":"Solar do Ros\u00e1rio Galeria \\\\\\\\Nova","description":"","potentialAction":[{"@type":"SearchAction","target":{"@type":"EntryPoint","urlTemplate":"https:\/\/solardorosario.com.br\/galeria\/?s={search_term_string}"},"query-input":{"@type":"PropertyValueSpecification","valueRequired":true,"valueName":"search_term_string"}}],"inLanguage":"pt-BR"}]}},"_links":{"self":[{"href":"https:\/\/solardorosario.com.br\/galeria\/wp-json\/wp\/v2\/product\/1130","targetHints":{"allow":["GET"]}}],"collection":[{"href":"https:\/\/solardorosario.com.br\/galeria\/wp-json\/wp\/v2\/product"}],"about":[{"href":"https:\/\/solardorosario.com.br\/galeria\/wp-json\/wp\/v2\/types\/product"}],"wp:featuredmedia":[{"embeddable":true,"href":"https:\/\/solardorosario.com.br\/galeria\/wp-json\/wp\/v2\/media\/1129"}],"wp:attachment":[{"href":"https:\/\/solardorosario.com.br\/galeria\/wp-json\/wp\/v2\/media?parent=1130"}],"wp:term":[{"taxonomy":"product_brand","embeddable":true,"href":"https:\/\/solardorosario.com.br\/galeria\/wp-json\/wp\/v2\/product_brand?post=1130"},{"taxonomy":"product_cat","embeddable":true,"href":"https:\/\/solardorosario.com.br\/galeria\/wp-json\/wp\/v2\/product_cat?post=1130"},{"taxonomy":"product_tag","embeddable":true,"href":"https:\/\/solardorosario.com.br\/galeria\/wp-json\/wp\/v2\/product_tag?post=1130"}],"curies":[{"name":"wp","href":"https:\/\/api.w.org\/{rel}","templated":true}]}}