{"id":3,"date":"2019-04-09T13:01:28","date_gmt":"2019-04-09T16:01:28","guid":{"rendered":"https:\/\/solardorosario.com.br\/galerianova\/?page_id=3"},"modified":"2021-04-28T14:28:05","modified_gmt":"2021-04-28T17:28:05","slug":"politica-de-privacidade","status":"publish","type":"page","link":"https:\/\/solardorosario.com.br\/galeria\/politica-de-privacidade\/","title":{"rendered":"Pol\u00edtica de privacidade"},"content":{"rendered":"\n\n\n<p><strong>POL\u00cdTICA DE PRIVACIDADE <\/strong><strong><\/strong><\/p>\n\n\n\n<p>&nbsp;&nbsp;&nbsp;&nbsp;&nbsp;&nbsp;&nbsp;&nbsp;&nbsp;&nbsp;&nbsp; Nesta Pol\u00edtica de Privacidade explicamos quem somos, qual a finalidade que damos ao tratamento de seus dados, como os tratamos, durante quanto tempo os conservamos, bem como as formas de entrar em contato conosco e de exercer os seus direitos.<\/p>\n\n\n\n<p>O titular deve ler com aten\u00e7\u00e3o este documento, que foi redigido de forma clara e simples, para facilitar a sua compreens\u00e3o, e decidir de forma livre e volunt\u00e1ria se pretende facultar os seus dados pessoais ao Solar do Ros\u00e1rio.<\/p>\n\n\n\n<p>Assim, o titular garante ser maior de idade, e que os dados comunicados s\u00e3o verdadeiros, exatos, completos e atuais, sendo respons\u00e1vel por qualquer dano ou preju\u00edzo, direto ou indireto, que possa surgir em consequ\u00eancia do descumprimento de tal obriga\u00e7\u00e3o.<\/p>\n\n\n\n<p>&nbsp;&nbsp;&nbsp;&nbsp;&nbsp;&nbsp;&nbsp;&nbsp;&nbsp;&nbsp;&nbsp; Caso tenha alguma d\u00favida sobre como tratamos e protegemos os seus dados por favor envie-nos um e-mail para <a href=\"mailto:info@solardorosario.com.br\">info@solardorosario.com.br<\/a><\/p>\n\n\n\n<ol class=\"wp-block-list\" type=\"I\"><li><strong>O SOLAR DO ROS\u00c1RIO<\/strong><\/li><\/ol>\n\n\n\n<p>&nbsp;&nbsp;&nbsp;&nbsp;&nbsp;&nbsp;&nbsp;&nbsp;&nbsp;&nbsp;&nbsp; Inaugurado em 1992, o Solar do Ros\u00e1rio espa\u00e7o particular de arte e cultura em Curitiba tem por objetivo regimental a promo\u00e7\u00e3o da cidadania atrav\u00e9s da difus\u00e3o da arte e da cultura no Estado do Paran\u00e1. Fundado pela advogada Regina de Barros Correia Casillo, hoje \u00e9 dirigido por sua fundadora juntamente com Lucia Casillo Malucelli, jornalista e produtora cultural. Localizado no centro de Curitiba, o espa\u00e7o abriga 3 andares do edif\u00edcio Eugenio Casillo e abriga livraria, galeria de arte, cursos, oficinas e ateli\u00eas.<\/p>\n\n\n\n<p>&nbsp;&nbsp;&nbsp;&nbsp;&nbsp;&nbsp;&nbsp;&nbsp;&nbsp;&nbsp;&nbsp; Conta com extensa grade de cursos, oficinas e ateli\u00eas, al\u00e9m de ser palco de palestras, lan\u00e7amentos de livros e eventos culturais. Trabalha ainda com desenvolvimento e produ\u00e7\u00e3o de projetos culturais atrav\u00e9s das leis de incentivo.<\/p>\n\n\n\n<ol class=\"wp-block-list\" type=\"I\"><li><strong>PRINC\u00cdPIOS NORTEADORES<\/strong><\/li><\/ol>\n\n\n\n<p>&nbsp;&nbsp;&nbsp;&nbsp;&nbsp;&nbsp;&nbsp;&nbsp;&nbsp;&nbsp;&nbsp; Esta pol\u00edtica de privacidade baseia-se nos princ\u00edpios e diretrizes estabelecidos pela Lei Geral de Prote\u00e7\u00e3o de Dados, n.\u00ba 13.709\/18, nomeadamente:<\/p>\n\n\n\n<ul class=\"wp-block-list\"><li>O respeito \u00e0 privacidade e a inviolabilidade da intimidade, da honra e da imagem;<\/li><li>A Minimiza\u00e7\u00e3o dos dados: apenas as informa\u00e7\u00f5es estritamente necess\u00e1rias devem ser coletadas;<\/li><li>Transpar\u00eancia, Licitude e Lealdade: todos os dados coletados e tratados pelo Solar do Ros\u00e1rio s\u00e3o devidamente enquadrados nas bases legais do art. 7\u00ba da LGPD, como o consentimento, execu\u00e7\u00e3o de contrato ou leg\u00edtimo interesse;<\/li><li>Integridade e Confidencialidade: o Solar do Ros\u00e1rio adota os meios de seguran\u00e7a da informa\u00e7\u00e3o necess\u00e1rios a prevenir a perda, destrui\u00e7\u00e3o, danifica\u00e7\u00e3o ou o tratamento n\u00e3o autorizado ou ilegal dos dados, al\u00e9m de medidas t\u00e9cnicas organizacionais, processos definidos e conscientiza\u00e7\u00e3o interna;<\/li><li>Respeito aos direitos do Titular dos Dados: os titulares t\u00eam uma s\u00e9rie de direitos que devem ser resguardados, como o de obter uma vers\u00e3o de seus dados sob controle da empresa, t\u00ea-los exclu\u00eddos ou anonimizados mediante a retirada do consentimento.<\/li><\/ul>\n\n\n\n<ol class=\"wp-block-list\" type=\"I\"><li><strong>ABRANG\u00caNCIA<\/strong><\/li><\/ol>\n\n\n\n<p>&nbsp;&nbsp;&nbsp;&nbsp;&nbsp;&nbsp;&nbsp;&nbsp;&nbsp;&nbsp;&nbsp; Esta pol\u00edtica de privacidade aplica-se a todos os dados pessoais coletados por meio do site <a href=\"https:\/\/solardorosario.com.br\/\">https:\/\/solardorosario.com.br\/<\/a>.<\/p>\n\n\n\n<ol class=\"wp-block-list\" type=\"I\"><li><strong>TRATAMENTO DE DADOS PESSOAIS<\/strong><\/li><\/ol>\n\n\n\n<p>&nbsp;&nbsp;&nbsp;&nbsp;&nbsp;&nbsp;&nbsp;&nbsp;&nbsp;&nbsp;&nbsp; O tratamento de dados pessoais consiste numa opera\u00e7\u00e3o ou conjunto de opera\u00e7\u00f5es efetuadas sobre dados pessoais ou conjuntos de dados pessoais coletados pelo Solar do Ros\u00e1rio atrav\u00e9s do <em>Website, <\/em>de preenchimento de formul\u00e1rios, al\u00e9m do registo, organiza\u00e7\u00e3o, estrutura\u00e7\u00e3o, conserva\u00e7\u00e3o, adapta\u00e7\u00e3o, recupera\u00e7\u00e3o, consulta, utiliza\u00e7\u00e3o, divulga\u00e7\u00e3o, difus\u00e3o, compara\u00e7\u00e3o, interconex\u00e3o, limita\u00e7\u00e3o, e a exclus\u00e3o ou destrui\u00e7\u00e3o.&nbsp;&nbsp;&nbsp;&nbsp;&nbsp;<\/p>\n\n\n\n<p>&nbsp;&nbsp;&nbsp;&nbsp;&nbsp;&nbsp;&nbsp;&nbsp;&nbsp;&nbsp;&nbsp; Para fornecer e aperfei\u00e7oar cada vez mais os nossos servi\u00e7os, precisamos coletar, armazenar a analisar alguns dados sobre os nossos usu\u00e1rios. A seguir, voc\u00ea poder\u00e1 conferir quais dados sobre voc\u00ea poder\u00e3o ser coletados ao utilizar nosso&nbsp;<em>site<\/em>&nbsp;e plataformas:<\/p>\n\n\n\n<ul class=\"wp-block-list\"><li>Na se\u00e7\u00e3o \u201ccontato\u201d, coletamos apenas informa\u00e7\u00f5es essenciais para poder te identificar dar o devido retorno \u00e0s suas comunica\u00e7\u00f5es; s\u00e3o elas: nome, telefone e e-mail.<\/li><li>Informa\u00e7\u00f5es que voc\u00ea digita para a aquisi\u00e7\u00e3o de um ou mais produtos e cursos, <em>online<\/em> ou presenciais, oferecidos pelo Solar do Ros\u00e1rio; s\u00e3o elas: nome completo, CPF, endere\u00e7o completo, celular, endere\u00e7o de e-mail, e dados do PagSeguro para realiza\u00e7\u00e3o e confirma\u00e7\u00e3o do pagamento;<\/li><li>informa\u00e7\u00f5es sobre o seu dispositivo, incluindo o seu endere\u00e7o de IP, dados geogr\u00e1ficos, tipo e vers\u00e3o do seu navegador e sistema operacional;<\/li><li>Informa\u00e7\u00f5es sobre as visitas e uso do site ou plataformas, incluindo a fonte de refer\u00eancia, dura\u00e7\u00e3o da visita, visualiza\u00e7\u00f5es de p\u00e1ginas e caminhos de navega\u00e7\u00e3o no&nbsp;<em>site<\/em>;<\/li><li>Informa\u00e7\u00f5es geradas durante a sua navega\u00e7\u00e3o em nosso<em>&nbsp;site<\/em>, incluindo a frequ\u00eancia e as circunst\u00e2ncias em que tal(is) navega\u00e7\u00e3o(\u00f5es) ocorreram;<\/li><li>Informa\u00e7\u00f5es de&nbsp;<em>marketing<\/em>, incluindo os dados decorrentes de participa\u00e7\u00e3o em nossas promo\u00e7\u00f5es de&nbsp;<em>marketing<\/em>;<\/li><li>Prefer\u00eancias para receber publicidade personalizada, n\u00e3o-personalizada ou gen\u00e9rica dos nossos cursos, produtos ou servi\u00e7os;<\/li><li>&nbsp;Informa\u00e7\u00f5es decorrentes de&nbsp;<em>feedback<\/em>&nbsp;e pesquisas;<\/li><li>Informa\u00e7\u00f5es que sejamos obrigados ou tenhamos permiss\u00e3o pela lei aplic\u00e1vel a coletar e processar, e que precisemos para a autentica\u00e7\u00e3o ou identifica\u00e7\u00e3o do usu\u00e1rio ou para a verifica\u00e7\u00e3o da informa\u00e7\u00e3o que coletamos;<\/li><li>Informa\u00e7\u00f5es relacionadas a documentos enviados juntamente a qualquer tipo de mensagens enviadas por voc\u00ea; e<\/li><li>Qualquer outra informa\u00e7\u00e3o pessoal que nos seja enviada por meio de nossas plataformas ou canais de comunica\u00e7\u00e3o.<\/li><\/ul>\n\n\n\n<ul class=\"wp-block-list\"><li><strong>UTILIZA\u00c7\u00c3O DAS INFORMA\u00c7\u00d5ES PESSOAIS<\/strong><\/li><\/ul>\n\n\n\n<p>&nbsp;&nbsp;&nbsp;&nbsp;&nbsp;&nbsp;&nbsp;&nbsp;&nbsp;&nbsp;&nbsp; Os Dados Pessoais coletados ser\u00e3o utilizados para assegurar o acesso, suporte e seguran\u00e7a de nossos usu\u00e1rios ao acessar o nosso&nbsp;<em>site<\/em>&nbsp;e plataformas, incluindo:<\/p>\n\n\n\n<ul class=\"wp-block-list\"><li>Permitir o acesso aos cursos, produtos e servi\u00e7os adquiridos;<\/li><li>Enviar comunica\u00e7\u00f5es informativas relativas aos cursos, produtos e servi\u00e7os disponibilizados pelo Solar do Ros\u00e1rio;<\/li><li>Enviar notifica\u00e7\u00f5es por e-mail conforme solicitadas;<\/li><li>Responder perguntas ou coment\u00e1rios encaminhados;<\/li><li>Manter o nosso&nbsp;<em>site<\/em>&nbsp;e plataformas seguros e evitar fraudes; e<\/li><li>Verificar a conformidade com os termos e as condi\u00e7\u00f5es que regem o acesso a nossos produtos e servi\u00e7os.<\/li><\/ul>\n\n\n\n<p>&nbsp;&nbsp;&nbsp;&nbsp;&nbsp;&nbsp;&nbsp;&nbsp;&nbsp;&nbsp;&nbsp; Caso n\u00e3o deseje receber comunica\u00e7\u00f5es informativas relativas a nossos cursos, produtos e servi\u00e7os, voc\u00ea poder\u00e1 solicitar a interrup\u00e7\u00e3o do envio deste tipo de comunica\u00e7\u00e3o.<\/p>\n\n\n\n<p>&nbsp;&nbsp;&nbsp;&nbsp;&nbsp;&nbsp;&nbsp;&nbsp;&nbsp;&nbsp;&nbsp; As suas informa\u00e7\u00f5es pessoais s\u00e3o utilizadas com muito cuidado e somente ser\u00e3o acess\u00edveis aos nossos administradores, procuradores, empregados e\/ou consultores autorizados que necessitem ter acesso a estes dados, e sempre dentro dos limites previstos nesta Pol\u00edtica de Privacidade.<\/p>\n\n\n\n<ul class=\"wp-block-list\"><li><strong>ARMAZENAMENTO DAS INFORMA\u00c7\u00d5ES PESSOAIS E PER\u00cdODO DE RETEN\u00c7\u00c3O<\/strong><strong><\/strong><\/li><\/ul>\n\n\n\n<p>&nbsp;&nbsp;&nbsp;&nbsp;&nbsp;&nbsp;&nbsp;&nbsp;&nbsp;&nbsp;&nbsp; Os dados coletados ser\u00e3o processados para o cumprimento de nossas obriga\u00e7\u00f5es legais em rela\u00e7\u00e3o ao armazenamento das informa\u00e7\u00f5es pessoais de nossos usu\u00e1rios. Nos comprometemos a tomar as devidas precau\u00e7\u00f5es t\u00e9cnicas e organizacionais para evitar a perda, uso indevido ou altera\u00e7\u00e3o de seus dados, que ser\u00e3o armazenados em plataforma segura. Al\u00e9m disso, todas as informa\u00e7\u00f5es enviadas por meio de nosso site e plataformas ser\u00e3o protegidas por criptografia.<\/p>\n\n\n\n<p>&nbsp;&nbsp;&nbsp;&nbsp;&nbsp;&nbsp;&nbsp;&nbsp;&nbsp;&nbsp;&nbsp; O per\u00edodo de tempo durante o qual os dados pessoais s\u00e3o armazenados e conservados varia de acordo com a finalidade para a qual cada a informa\u00e7\u00e3o \u00e9 tratada. Assim, sempre que n\u00e3o exista uma exig\u00eancia legal espec\u00edfica, os dados ser\u00e3o armazenados e conservados apenas pelo per\u00edodo m\u00ednimo necess\u00e1rio para a prossecu\u00e7\u00e3o das finalidades que motivaram a sua recolha ou o seu posterior tratamento, nos termos definidos na lei.<\/p>\n\n\n\n<ul class=\"wp-block-list\"><li><strong>TRANSPAR\u00caNCIA<\/strong><strong><\/strong><\/li><\/ul>\n\n\n\n<p>&nbsp;&nbsp;&nbsp;&nbsp;&nbsp;&nbsp;&nbsp;&nbsp;&nbsp;&nbsp;&nbsp; Voc\u00ea poder\u00e1 solicitar, a qualquer momento, ter acesso aos seus dados pessoais que foram coletados e que se encontram armazenados. Nos comprometemos a disponibilizar as suas informa\u00e7\u00f5es pessoais o mais r\u00e1pido poss\u00edvel, respeitando-se, em todo o caso, ao que disp\u00f5e a legisla\u00e7\u00e3o vigente.<\/p>\n\n\n\n<ul class=\"wp-block-list\"><li><strong>CONSENTIMENTO<\/strong><\/li><\/ul>\n\n\n\n<p>&nbsp;&nbsp;&nbsp;&nbsp;&nbsp;&nbsp;&nbsp;&nbsp;&nbsp;&nbsp;&nbsp; Se o consentimento for legalmente necess\u00e1rio para o tratamento de dados pessoais, o titular dos dados tem o direito de retira-lo em qualquer tempo, embora esse direito n\u00e3o comprometa a licitude do tratamento efetuado com base no consentimento previamente conferido nem o tratamento posterior dos mesmos dados baseado noutra base legal, como \u00e9 o caso do cumprimento do contrato, de eventual obriga\u00e7\u00e3o legal a que o Solar do Ros\u00e1rio esteja sujeito ou de seu interesse leg\u00edtimo em trata-lo.<\/p>\n\n\n\n<p>&nbsp;&nbsp;&nbsp;&nbsp;&nbsp;&nbsp;&nbsp;&nbsp;&nbsp;&nbsp;&nbsp; Sem preju\u00edzo do disposto na LGPD, o titular dos dados pessoais poder\u00e1 retificar, atualizar, limitar, apagar, remover o consentimento ou opor-se ao tratamento de seus dados pessoais, diretamente ou mediante solicita\u00e7\u00e3o escrita por meio do endere\u00e7o de e-mail <a href=\"mailto:info@solardorosario.com.br\">info@solardorosario.com.br<\/a><\/p>\n\n\n\n<ol class=\"wp-block-list\" type=\"I\"><li><strong>DIVULGA\u00c7\u00c3O DAS INFORMA\u00c7\u00d5ES PESSOAIS<\/strong><strong><\/strong><\/li><\/ol>\n\n\n\n<p>&nbsp;&nbsp;&nbsp;&nbsp;&nbsp;&nbsp;&nbsp;&nbsp;&nbsp;&nbsp;&nbsp; N\u00e3o divulgaremos suas informa\u00e7\u00f5es pessoais de forma excessiva, desnecess\u00e1ria ou em desconformidade com determina\u00e7\u00f5es legais e normativas. Contudo, o Solar do Ros\u00e1rio poder\u00e1 compartilhar os dados pessoais coletados com empresas parceiras ou para a presta\u00e7\u00e3o de servi\u00e7o que o exija, tais intermediadoras de pagamento e servidores terceirizados, comprometendo-se a exigir de tais parceiros que que utilizem referidos dados pessoais \u00fanica e exclusivamente para o cumprimento das finalidades supra indicadas e em observ\u00e2ncia \u00e0s instru\u00e7\u00f5es emitidas, cumprindo rigorosamente as normas legais sobre prote\u00e7\u00e3o de dados pessoais, seguran\u00e7a da informa\u00e7\u00e3o e demais normas aplic\u00e1veis.<\/p>\n\n\n\n<p>&nbsp;&nbsp;&nbsp;&nbsp;&nbsp;&nbsp;&nbsp;&nbsp;&nbsp;&nbsp;&nbsp; O Solar do Ros\u00e1rio informa que fornece a estas empresas apenas os dados pessoais necess\u00e1rios para a presta\u00e7\u00e3o do servi\u00e7o contratado.<\/p>\n\n\n\n<p>&nbsp;&nbsp;&nbsp;&nbsp;&nbsp;&nbsp;&nbsp;&nbsp;&nbsp;&nbsp;&nbsp; O Solar do Ros\u00e1rio poder\u00e1 compartilhar os dados pessoais de titulares com \u00f3rg\u00e3os e entidades da Administra\u00e7\u00e3o P\u00fablica para cumprimento de obriga\u00e7\u00f5es legais ou regulat\u00f3rias<\/p>\n\n\n\n<p>Nunca venderemos os dados pessoais a parceiros ou fornecedores, sendo certo que referido compartilhamento somente ser\u00e1 realizado se houver base legal que autorize.<\/p>\n\n\n\n<p>&nbsp;&nbsp;&nbsp;&nbsp;&nbsp;&nbsp;&nbsp;&nbsp;&nbsp;&nbsp;&nbsp; Ao escrever coment\u00e1rios ou avalia\u00e7\u00f5es sobre nossos produtos ou servi\u00e7os, voc\u00ea concorda que estas informa\u00e7\u00f5es, juntamente com nome e foto de perfil cadastrados na plataforma, podem ser divulgados e utilizados pelo&nbsp;Solar do Ros\u00e1rio para fins publicit\u00e1rios. Deste modo, ao realizar coment\u00e1rios ou avalia\u00e7\u00f5es, \u00e9 concedida uma autoriza\u00e7\u00e3o gratuita e dentro dos limites da legisla\u00e7\u00e3o, para divulga\u00e7\u00e3o de imagem e do conte\u00fado inserido para qualquer material publicit\u00e1rio ou forma de comunica\u00e7\u00e3o.<\/p>\n\n\n\n<ul class=\"wp-block-list\"><li><strong>SEGURAN\u00c7A<\/strong><\/li><\/ul>\n\n\n\n<p>&nbsp;&nbsp;&nbsp;&nbsp;&nbsp;&nbsp;&nbsp;&nbsp;&nbsp;&nbsp;&nbsp; N\u00f3s tomamos todas as precau\u00e7\u00f5es para proteger as informa\u00e7\u00f5es pessoais dos usu\u00e1rios sob nosso controle. Aplicamos medidas t\u00e9cnicas e organizacionais adequadas para proteger os dados pessoais dos titulares, incluindo utiliza\u00e7\u00e3o de servidores seguros, firewalls, conscientiza\u00e7\u00e3o e treinamento da equipe interna, al\u00e9m de cl\u00e1usulas especificas sobre o tema nos contratos com parceiros e prestadores de servi\u00e7os.<\/p>\n\n\n\n<p>&nbsp;&nbsp;&nbsp;&nbsp;&nbsp;&nbsp;&nbsp;&nbsp;&nbsp;&nbsp;&nbsp; Contudo, a transmiss\u00e3o de informa\u00e7\u00f5es via internet pode ser insegura, na medida em que trafega em diversos provedores de servi\u00e7os. Desse modo, voc\u00ea reconhece n\u00e3o ser poss\u00edvel garantir a integralidade dos dados enviados via internet. Pensando nisso, \u00e9 importante que voc\u00ea proteja o seu&nbsp;<em>login<\/em>, senha, computadores, dispositivos e aplicativos de acesso n\u00e3o-autorizado.<\/p>\n\n\n\n<ul class=\"wp-block-list\"><li><strong>AVISO DE&nbsp;<em>COOKIES<\/em><\/strong><\/li><\/ul>\n\n\n\n<p>&nbsp;&nbsp;&nbsp;&nbsp;&nbsp;&nbsp;&nbsp;&nbsp;&nbsp;&nbsp;&nbsp; O Solar do Ros\u00e1rio faz uso de <em>cookies <\/em>em seu <em>website<\/em>, que s\u00e3o arquivos criados pelo pr\u00f3prio siteque armazenam h\u00e1bitos de navega\u00e7\u00e3o e outras informa\u00e7\u00f5es, ajudando a personalizar o acesso do titular.<\/p>\n\n\n\n<p>&nbsp;&nbsp;&nbsp;&nbsp;&nbsp;&nbsp;&nbsp;&nbsp;&nbsp;&nbsp;&nbsp; Fazemos uso apenas de <em>cookies<\/em> de interface com redes sociais, a fim de incrementar a qualidade da segmenta\u00e7\u00e3o do p\u00fablico que visualiza as publica\u00e7\u00f5es de <em>marketing<\/em> do Solar do Ros\u00e1rio.<\/p>\n\n\n\n<p>&nbsp;&nbsp;&nbsp;&nbsp;&nbsp;&nbsp;&nbsp;&nbsp;&nbsp;&nbsp;&nbsp; A utiliza\u00e7\u00e3o de&nbsp;<em>cookies<\/em>&nbsp;visa, principalmente: (i). reconhecer um computador quando um usu\u00e1rio visita o nosso&nbsp;<em>site<\/em>; (ii) acompanhar os usu\u00e1rios enquanto navegam no nosso<em>&nbsp;site<\/em>; (iii) melhorar a navegabilidade do nosso<em>&nbsp;site<\/em>; (iii) analisar o uso do nosso&nbsp;<em>site<\/em>; (iv) administrar o nosso&nbsp;<em>site<\/em>; (v) evitar fraudes e melhorar a seguran\u00e7a do nosso&nbsp;<em>site<\/em>; e (vi) indicar poss\u00edveis sites que possam ser de particular interesse para nossos usu\u00e1rios.<\/p>\n\n\n\n<p>&nbsp;&nbsp;&nbsp;&nbsp;&nbsp;&nbsp;&nbsp;&nbsp;&nbsp;&nbsp;&nbsp; Os&nbsp;<em>cookies<\/em>&nbsp;normalmente n\u00e3o cont\u00eam nenhuma informa\u00e7\u00e3o que possa te identificar pessoalmente, mas as informa\u00e7\u00f5es pessoais que armazenamos sobre os nossos usu\u00e1rios podem estar vinculadas \u00e0s informa\u00e7\u00f5es armazenadas e obtidas atrav\u00e9s de&nbsp;<em>cookies<\/em>.<\/p>\n\n\n\n<p>&nbsp;&nbsp;&nbsp;&nbsp;&nbsp;&nbsp;&nbsp;&nbsp;&nbsp;&nbsp;&nbsp; A maioria dos navegadores permite que voc\u00ea se recuse a aceitar&nbsp;<em>cookies<\/em>&nbsp;e tamb\u00e9m que exclua os&nbsp;<em>cookies<\/em>&nbsp;j\u00e1 armazenados no seu computador. Contudo, o bloqueio de todos os&nbsp;<em>cookies<\/em>&nbsp;ou a exclus\u00e3o dos&nbsp;<em>cookies<\/em>&nbsp;j\u00e1 armazenados em seu computador poder\u00e1 gerar um impacto negativo na navega\u00e7\u00e3o do nosso&nbsp;<em>site<\/em>, bem como na utiliza\u00e7\u00e3o de todos os recursos dispon\u00edveis.<\/p>\n\n\n\n<ul class=\"wp-block-list\"><li><strong>ALTERA\u00c7\u00d5ES DA POL\u00cdTICA DE PRIVACIDADE<\/strong><\/li><\/ul>\n\n\n\n<p>&nbsp;&nbsp;&nbsp;&nbsp;&nbsp;&nbsp;&nbsp;&nbsp;&nbsp;&nbsp;&nbsp; Realizaremos altera\u00e7\u00f5es nesta Pol\u00edtica de sempre que considerado necess\u00e1rio. Em caso de qualquer altera\u00e7\u00e3o substancial, voc\u00ea ser\u00e1 informado via e-mail, notifica\u00e7\u00e3o&nbsp;<em>push<\/em>&nbsp;ou atrav\u00e9s do sistema de mensagens privadas prevista em nosso site e plataforma.<\/p>\n\n\n\n<ul class=\"wp-block-list\"><li><strong>CONTATOS E ESCLARECIMENTO DE D\u00daVIDAS<\/strong><\/li><\/ul>\n\n\n\n<p>&nbsp;&nbsp;&nbsp;&nbsp;&nbsp;&nbsp;&nbsp;&nbsp;&nbsp;&nbsp;&nbsp; Em caso de d\u00favida sobre os pontos aqui apresentados, poder\u00e1 contatar-nos atrav\u00e9s do endere\u00e7o de e-mail <a href=\"mailto:info@solardorosario.com.br\">info@solardorosario.com.br<\/a><\/p>\n\n\n\n<p>\u00daltima atualiza\u00e7\u00e3o em 15 de abril de 2021.<\/p>\n","protected":false},"excerpt":{"rendered":"<p>POL\u00cdTICA DE PRIVACIDADE &nbsp;&nbsp;&nbsp;&nbsp;&nbsp;&nbsp;&nbsp;&nbsp;&nbsp;&nbsp;&nbsp; Nesta Pol\u00edtica de Privacidade explicamos quem somos, qual a finalidade que damos ao tratamento de seus dados, como os tratamos, durante quanto tempo os conservamos, bem como as formas de entrar em contato conosco e de exercer os seus direitos. O titular deve ler com aten\u00e7\u00e3o este documento, que foi redigido [&hellip;]<\/p>\n","protected":false},"author":1,"featured_media":0,"parent":0,"menu_order":0,"comment_status":"closed","ping_status":"open","template":"","meta":{"footnotes":""},"class_list":["post-3","page","type-page","status-publish","hentry"],"yoast_head":"<!-- This site is optimized with the Yoast SEO plugin v27.4 - https:\/\/yoast.com\/product\/yoast-seo-wordpress\/ -->\n<title>Pol\u00edtica de privacidade - Solar do Ros\u00e1rio Galeria \\\\\\\\Nova<\/title>\n<meta name=\"robots\" content=\"index, follow, max-snippet:-1, max-image-preview:large, max-video-preview:-1\" \/>\n<link rel=\"canonical\" href=\"https:\/\/solardorosario.com.br\/galeria\/politica-de-privacidade\/\" \/>\n<meta property=\"og:locale\" content=\"pt_BR\" \/>\n<meta property=\"og:type\" content=\"article\" \/>\n<meta property=\"og:title\" content=\"Pol\u00edtica de privacidade - Solar do Ros\u00e1rio Galeria \\\\\\\\Nova\" \/>\n<meta property=\"og:description\" content=\"POL\u00cdTICA DE PRIVACIDADE &nbsp;&nbsp;&nbsp;&nbsp;&nbsp;&nbsp;&nbsp;&nbsp;&nbsp;&nbsp;&nbsp; Nesta Pol\u00edtica de Privacidade explicamos quem somos, qual a finalidade que damos ao tratamento de seus dados, como os tratamos, durante quanto tempo os conservamos, bem como as formas de entrar em contato conosco e de exercer os seus direitos. O titular deve ler com aten\u00e7\u00e3o este documento, que foi redigido [&hellip;]\" \/>\n<meta property=\"og:url\" content=\"https:\/\/solardorosario.com.br\/galeria\/politica-de-privacidade\/\" \/>\n<meta property=\"og:site_name\" content=\"Solar do Ros\u00e1rio Galeria \\\\\\\\Nova\" \/>\n<meta property=\"article:modified_time\" content=\"2021-04-28T17:28:05+00:00\" \/>\n<meta name=\"twitter:card\" content=\"summary_large_image\" \/>\n<meta name=\"twitter:label1\" content=\"Est. tempo de leitura\" \/>\n\t<meta name=\"twitter:data1\" content=\"9 minutos\" \/>\n<script type=\"application\/ld+json\" class=\"yoast-schema-graph\">{\"@context\":\"https:\\\/\\\/schema.org\",\"@graph\":[{\"@type\":\"WebPage\",\"@id\":\"https:\\\/\\\/solardorosario.com.br\\\/galeria\\\/politica-de-privacidade\\\/\",\"url\":\"https:\\\/\\\/solardorosario.com.br\\\/galeria\\\/politica-de-privacidade\\\/\",\"name\":\"Pol\u00edtica de privacidade - Solar do Ros\u00e1rio Galeria \\\\\\\\\\\\\\\\Nova\",\"isPartOf\":{\"@id\":\"https:\\\/\\\/solardorosario.com.br\\\/galeria\\\/#website\"},\"datePublished\":\"2019-04-09T16:01:28+00:00\",\"dateModified\":\"2021-04-28T17:28:05+00:00\",\"breadcrumb\":{\"@id\":\"https:\\\/\\\/solardorosario.com.br\\\/galeria\\\/politica-de-privacidade\\\/#breadcrumb\"},\"inLanguage\":\"pt-BR\",\"potentialAction\":[{\"@type\":\"ReadAction\",\"target\":[\"https:\\\/\\\/solardorosario.com.br\\\/galeria\\\/politica-de-privacidade\\\/\"]}]},{\"@type\":\"BreadcrumbList\",\"@id\":\"https:\\\/\\\/solardorosario.com.br\\\/galeria\\\/politica-de-privacidade\\\/#breadcrumb\",\"itemListElement\":[{\"@type\":\"ListItem\",\"position\":1,\"name\":\"In\u00edcio\",\"item\":\"https:\\\/\\\/solardorosario.com.br\\\/galeria\\\/\"},{\"@type\":\"ListItem\",\"position\":2,\"name\":\"Pol\u00edtica de privacidade\"}]},{\"@type\":\"WebSite\",\"@id\":\"https:\\\/\\\/solardorosario.com.br\\\/galeria\\\/#website\",\"url\":\"https:\\\/\\\/solardorosario.com.br\\\/galeria\\\/\",\"name\":\"Solar do Ros\u00e1rio Galeria \\\\\\\\\\\\\\\\Nova\",\"description\":\"\",\"potentialAction\":[{\"@type\":\"SearchAction\",\"target\":{\"@type\":\"EntryPoint\",\"urlTemplate\":\"https:\\\/\\\/solardorosario.com.br\\\/galeria\\\/?s={search_term_string}\"},\"query-input\":{\"@type\":\"PropertyValueSpecification\",\"valueRequired\":true,\"valueName\":\"search_term_string\"}}],\"inLanguage\":\"pt-BR\"}]}<\/script>\n<!-- \/ Yoast SEO plugin. -->","yoast_head_json":{"title":"Pol\u00edtica de privacidade - Solar do Ros\u00e1rio Galeria \\\\\\\\Nova","robots":{"index":"index","follow":"follow","max-snippet":"max-snippet:-1","max-image-preview":"max-image-preview:large","max-video-preview":"max-video-preview:-1"},"canonical":"https:\/\/solardorosario.com.br\/galeria\/politica-de-privacidade\/","og_locale":"pt_BR","og_type":"article","og_title":"Pol\u00edtica de privacidade - Solar do Ros\u00e1rio Galeria \\\\\\\\Nova","og_description":"POL\u00cdTICA DE PRIVACIDADE &nbsp;&nbsp;&nbsp;&nbsp;&nbsp;&nbsp;&nbsp;&nbsp;&nbsp;&nbsp;&nbsp; Nesta Pol\u00edtica de Privacidade explicamos quem somos, qual a finalidade que damos ao tratamento de seus dados, como os tratamos, durante quanto tempo os conservamos, bem como as formas de entrar em contato conosco e de exercer os seus direitos. O titular deve ler com aten\u00e7\u00e3o este documento, que foi redigido [&hellip;]","og_url":"https:\/\/solardorosario.com.br\/galeria\/politica-de-privacidade\/","og_site_name":"Solar do Ros\u00e1rio Galeria \\\\\\\\Nova","article_modified_time":"2021-04-28T17:28:05+00:00","twitter_card":"summary_large_image","twitter_misc":{"Est. tempo de leitura":"9 minutos"},"schema":{"@context":"https:\/\/schema.org","@graph":[{"@type":"WebPage","@id":"https:\/\/solardorosario.com.br\/galeria\/politica-de-privacidade\/","url":"https:\/\/solardorosario.com.br\/galeria\/politica-de-privacidade\/","name":"Pol\u00edtica de privacidade - Solar do Ros\u00e1rio Galeria \\\\\\\\Nova","isPartOf":{"@id":"https:\/\/solardorosario.com.br\/galeria\/#website"},"datePublished":"2019-04-09T16:01:28+00:00","dateModified":"2021-04-28T17:28:05+00:00","breadcrumb":{"@id":"https:\/\/solardorosario.com.br\/galeria\/politica-de-privacidade\/#breadcrumb"},"inLanguage":"pt-BR","potentialAction":[{"@type":"ReadAction","target":["https:\/\/solardorosario.com.br\/galeria\/politica-de-privacidade\/"]}]},{"@type":"BreadcrumbList","@id":"https:\/\/solardorosario.com.br\/galeria\/politica-de-privacidade\/#breadcrumb","itemListElement":[{"@type":"ListItem","position":1,"name":"In\u00edcio","item":"https:\/\/solardorosario.com.br\/galeria\/"},{"@type":"ListItem","position":2,"name":"Pol\u00edtica de privacidade"}]},{"@type":"WebSite","@id":"https:\/\/solardorosario.com.br\/galeria\/#website","url":"https:\/\/solardorosario.com.br\/galeria\/","name":"Solar do Ros\u00e1rio Galeria \\\\\\\\Nova","description":"","potentialAction":[{"@type":"SearchAction","target":{"@type":"EntryPoint","urlTemplate":"https:\/\/solardorosario.com.br\/galeria\/?s={search_term_string}"},"query-input":{"@type":"PropertyValueSpecification","valueRequired":true,"valueName":"search_term_string"}}],"inLanguage":"pt-BR"}]}},"_links":{"self":[{"href":"https:\/\/solardorosario.com.br\/galeria\/wp-json\/wp\/v2\/pages\/3","targetHints":{"allow":["GET"]}}],"collection":[{"href":"https:\/\/solardorosario.com.br\/galeria\/wp-json\/wp\/v2\/pages"}],"about":[{"href":"https:\/\/solardorosario.com.br\/galeria\/wp-json\/wp\/v2\/types\/page"}],"author":[{"embeddable":true,"href":"https:\/\/solardorosario.com.br\/galeria\/wp-json\/wp\/v2\/users\/1"}],"replies":[{"embeddable":true,"href":"https:\/\/solardorosario.com.br\/galeria\/wp-json\/wp\/v2\/comments?post=3"}],"version-history":[{"count":1,"href":"https:\/\/solardorosario.com.br\/galeria\/wp-json\/wp\/v2\/pages\/3\/revisions"}],"predecessor-version":[{"id":2020,"href":"https:\/\/solardorosario.com.br\/galeria\/wp-json\/wp\/v2\/pages\/3\/revisions\/2020"}],"wp:attachment":[{"href":"https:\/\/solardorosario.com.br\/galeria\/wp-json\/wp\/v2\/media?parent=3"}],"curies":[{"name":"wp","href":"https:\/\/api.w.org\/{rel}","templated":true}]}}